{"id":5867,"date":"2018-03-20T22:51:28","date_gmt":"2018-03-21T03:51:28","guid":{"rendered":"http:\/\/arquidiocesisdepopayan.org\/web\/?page_id=5867"},"modified":"2023-05-09T09:31:55","modified_gmt":"2023-05-09T14:31:55","slug":"vicario-pastoral","status":"publish","type":"page","link":"https:\/\/arquidiocesisdepopayan.org\/web\/dependencias\/vicario-pastoral\/","title":{"rendered":"Vicar\u00edo pastoral"},"content":{"rendered":"\t\t<div data-elementor-type=\"wp-post\" data-elementor-id=\"5867\" class=\"elementor elementor-5867\" data-elementor-post-type=\"page\">\n\t\t\t\t\t\t<section class=\"elementor-section elementor-top-section elementor-element elementor-element-1a0fcfe0 elementor-section-boxed elementor-section-height-default elementor-section-height-default\" data-id=\"1a0fcfe0\" data-element_type=\"section\">\n\t\t\t\t\t\t<div class=\"elementor-container elementor-column-gap-default\">\n\t\t\t\t\t<div class=\"elementor-column elementor-col-100 elementor-top-column elementor-element elementor-element-14bfe091\" data-id=\"14bfe091\" data-element_type=\"column\">\n\t\t\t<div class=\"elementor-widget-wrap elementor-element-populated\">\n\t\t\t\t\t\t<div class=\"elementor-element elementor-element-7504b23f elementor-widget elementor-widget-text-editor\" data-id=\"7504b23f\" data-element_type=\"widget\" data-widget_type=\"text-editor.default\">\n\t\t\t\t<div class=\"elementor-widget-container\">\n\t\t\t\t\t\t\t\t\t<p style=\"text-align: justify; line-height: normal; background-image: initial; background-position: initial; background-size: initial; background-repeat: initial; background-attachment: initial; background-origin: initial; background-clip: initial;\"><span style=\"font-size: 12pt; color: #1f1f2e; background-image: initial; background-position: initial; background-size: initial; background-repeat: initial; background-attachment: initial; background-origin: initial; background-clip: initial;\">El Vicario de Pastoral diocesano es designado por el Se\u00f1or Arzobispo para coordinar la pastoral arquidiocesana, su labor se apoya en el Equipo de Pastoral y cada una de las Delegaciones episcopales para la pastoral; anima la acci\u00f3n evangelizadora en colaboraci\u00f3n con los presb\u00edteros e impulsa el Sistema Integral de la Nueva Evangelizaci\u00f3n (SINE)<\/span><\/p>\n<p style=\"text-align: justify; line-height: normal; background-image: initial; background-position: initial; background-size: initial; background-repeat: initial; background-attachment: initial; background-origin: initial; background-clip: initial;\"><span style=\"font-size: 12.0pt; mso-fareast-font-family: 'Times New Roman'; mso-bidi-font-family: 'Times New Roman'; color: #1f1f2e; mso-fareast-language: ES-CO;\">La Vicar\u00eda motiva la planeaci\u00f3n y programaci\u00f3n pastoral y ha estado presente en la organizaci\u00f3n de los eventos y proyectos que animan la vida diocesana.<\/span><\/p>\n<p style=\"text-align: justify; line-height: normal; background-image: initial; background-position: initial; background-size: initial; background-repeat: initial; background-attachment: initial; background-origin: initial; background-clip: initial;\"><span style=\"font-size: 12.0pt; mso-fareast-font-family: 'Times New Roman'; mso-bidi-font-family: 'Times New Roman'; color: #1f1f2e; mso-fareast-language: ES-CO;\"><b><i>Vicario de Pastoral Padre Juan Diego Colorado<\/i><\/b><br><\/span><span style=\"color: #1f1f2e; font-size: 12pt; letter-spacing: 0px;\">Email: vicariodepastoral@arquidiocesisdepopayan.org<\/span><\/p>\t\t\t\t\t\t\t\t<\/div>\n\t\t\t\t<\/div>\n\t\t\t\t\t<\/div>\n\t\t<\/div>\n\t\t\t\t\t<\/div>\n\t\t<\/section>\n\t\t\t\t<\/div>\n\t\t","protected":false},"excerpt":{"rendered":"<p>El Vicario de Pastoral diocesano es designado por el Se\u00f1or Arzobispo para coordinar la pastoral arquidiocesana, su labor se apoya en el Equipo de Pastoral y cada una de las Delegaciones episcopales para la pastoral; anima la acci\u00f3n evangelizadora en colaboraci\u00f3n con los presb\u00edteros e impulsa el Sistema Integral de la Nueva Evangelizaci\u00f3n (SINE) La &hellip;<\/p>\n","protected":false},"author":7,"featured_media":0,"parent":5838,"menu_order":0,"comment_status":"closed","ping_status":"closed","template":"","meta":{"_uag_custom_page_level_css":"","footnotes":""},"class_list":["post-5867","page","type-page","status-publish","hentry","no-thumb"],"uagb_featured_image_src":{"full":false,"thumbnail":false,"medium":false,"medium_large":false,"large":false,"1536x1536":false,"2048x2048":false,"post-thumbnail":false,"brotherlylove-thumb-s":false,"brotherlylove-thumb-blog-grid":false,"brotherlylove-thumb-blog-masonry":false,"brotherlylove-thumb-l":false,"brotherlylove-thumb-blog":false,"brotherlylove-thumb-project":false,"brotherlylove-thumb-project-term":false,"awb_sm":false,"awb_md":false,"awb_lg":false,"awb_xl":false,"og-image":false},"uagb_author_info":{"display_name":"Arquidi\u00f3cesis de Popay\u00e1n","author_link":"https:\/\/arquidiocesisdepopayan.org\/web\/author\/arquidp\/"},"uagb_comment_info":0,"uagb_excerpt":"El Vicario de Pastoral diocesano es designado por el Se\u00f1or Arzobispo para coordinar la pastoral arquidiocesana, su labor se apoya en el Equipo de Pastoral y cada una de las Delegaciones episcopales para la pastoral; anima la acci\u00f3n evangelizadora en colaboraci\u00f3n con los presb\u00edteros e impulsa el Sistema Integral de la Nueva Evangelizaci\u00f3n (SINE) La&hellip;","_links":{"self":[{"href":"https:\/\/arquidiocesisdepopayan.org\/web\/wp-json\/wp\/v2\/pages\/5867","targetHints":{"allow":["GET"]}}],"collection":[{"href":"https:\/\/arquidiocesisdepopayan.org\/web\/wp-json\/wp\/v2\/pages"}],"about":[{"href":"https:\/\/arquidiocesisdepopayan.org\/web\/wp-json\/wp\/v2\/types\/page"}],"author":[{"embeddable":true,"href":"https:\/\/arquidiocesisdepopayan.org\/web\/wp-json\/wp\/v2\/users\/7"}],"replies":[{"embeddable":true,"href":"https:\/\/arquidiocesisdepopayan.org\/web\/wp-json\/wp\/v2\/comments?post=5867"}],"version-history":[{"count":3,"href":"https:\/\/arquidiocesisdepopayan.org\/web\/wp-json\/wp\/v2\/pages\/5867\/revisions"}],"predecessor-version":[{"id":8856,"href":"https:\/\/arquidiocesisdepopayan.org\/web\/wp-json\/wp\/v2\/pages\/5867\/revisions\/8856"}],"up":[{"embeddable":true,"href":"https:\/\/arquidiocesisdepopayan.org\/web\/wp-json\/wp\/v2\/pages\/5838"}],"wp:attachment":[{"href":"https:\/\/arquidiocesisdepopayan.org\/web\/wp-json\/wp\/v2\/media?parent=5867"}],"curies":[{"name":"wp","href":"https:\/\/api.w.org\/{rel}","templated":true}]}}