{"id":6,"date":"2016-05-12T13:31:20","date_gmt":"2016-05-12T18:31:20","guid":{"rendered":"http:\/\/ld-wp.template-help.com\/wordpress_64932-sample\/?page_id=6"},"modified":"2023-05-25T17:10:58","modified_gmt":"2023-05-25T22:10:58","slug":"about-us","status":"publish","type":"page","link":"https:\/\/arquidiocesisdepopayan.org\/web\/about-us\/","title":{"rendered":"Nosotros"},"content":{"rendered":"\t\t<div data-elementor-type=\"wp-post\" data-elementor-id=\"6\" class=\"elementor elementor-6\">\n\t\t\t\t\t\t<section class=\"elementor-section elementor-top-section elementor-element elementor-element-predf03 elementor-section-boxed elementor-section-height-default elementor-section-height-default\" data-id=\"predf03\" data-element_type=\"section\">\n\t\t\t\t\t\t<div class=\"elementor-container elementor-column-gap-default\">\n\t\t\t\t\t<div class=\"elementor-column elementor-col-100 elementor-top-column elementor-element elementor-element-5qsh6cq\" data-id=\"5qsh6cq\" data-element_type=\"column\">\n\t\t\t<div class=\"elementor-widget-wrap elementor-element-populated\">\n\t\t\t\t\t\t<div class=\"elementor-element elementor-element-xok80sk elementor-widget elementor-widget-heading\" data-id=\"xok80sk\" data-element_type=\"widget\" data-widget_type=\"heading.default\">\n\t\t\t\t<div class=\"elementor-widget-container\">\n\t\t\t\t\t<h2 class=\"elementor-heading-title elementor-size-default\">Nosotros<\/h2>\t\t\t\t<\/div>\n\t\t\t\t<\/div>\n\t\t\t\t\t<\/div>\n\t\t<\/div>\n\t\t\t\t\t<\/div>\n\t\t<\/section>\n\t\t\t\t<section class=\"elementor-section elementor-top-section elementor-element elementor-element-7580d70 elementor-section-boxed elementor-section-height-default elementor-section-height-default\" data-id=\"7580d70\" data-element_type=\"section\">\n\t\t\t\t\t\t<div class=\"elementor-container elementor-column-gap-default\">\n\t\t\t\t\t<div class=\"elementor-column elementor-col-33 elementor-top-column elementor-element elementor-element-d6b6bac\" data-id=\"d6b6bac\" data-element_type=\"column\">\n\t\t\t<div class=\"elementor-widget-wrap elementor-element-populated\">\n\t\t\t\t\t\t<div class=\"elementor-element elementor-element-31e7fa0 elementor-widget elementor-widget-image\" data-id=\"31e7fa0\" data-element_type=\"widget\" data-widget_type=\"image.default\">\n\t\t\t\t<div class=\"elementor-widget-container\">\n\t\t\t\t\t\t\t\t\t\t\t\t\t\t\t<img fetchpriority=\"high\" decoding=\"async\" width=\"683\" height=\"1024\" src=\"https:\/\/arquidiocesisdepopayan.org\/web\/wp-content\/uploads\/2022\/05\/MonsOmar-1-683x1024.jpg\" class=\"attachment-large size-large wp-image-10007\" alt=\"\" srcset=\"https:\/\/arquidiocesisdepopayan.org\/web\/wp-content\/uploads\/2022\/05\/MonsOmar-1-683x1024.jpg 683w, https:\/\/arquidiocesisdepopayan.org\/web\/wp-content\/uploads\/2022\/05\/MonsOmar-1-200x300.jpg 200w, https:\/\/arquidiocesisdepopayan.org\/web\/wp-content\/uploads\/2022\/05\/MonsOmar-1-768x1152.jpg 768w, https:\/\/arquidiocesisdepopayan.org\/web\/wp-content\/uploads\/2022\/05\/MonsOmar-1-1024x1536.jpg 1024w, https:\/\/arquidiocesisdepopayan.org\/web\/wp-content\/uploads\/2022\/05\/MonsOmar-1-1365x2048.jpg 1365w, https:\/\/arquidiocesisdepopayan.org\/web\/wp-content\/uploads\/2022\/05\/MonsOmar-1-500x750.jpg 500w, https:\/\/arquidiocesisdepopayan.org\/web\/wp-content\/uploads\/2022\/05\/MonsOmar-1-800x1200.jpg 800w, https:\/\/arquidiocesisdepopayan.org\/web\/wp-content\/uploads\/2022\/05\/MonsOmar-1-1280x1920.jpg 1280w, https:\/\/arquidiocesisdepopayan.org\/web\/wp-content\/uploads\/2022\/05\/MonsOmar-1-1920x2880.jpg 1920w, https:\/\/arquidiocesisdepopayan.org\/web\/wp-content\/uploads\/2022\/05\/MonsOmar-1-700x1050.jpg 700w, https:\/\/arquidiocesisdepopayan.org\/web\/wp-content\/uploads\/2022\/05\/MonsOmar-1-scaled.jpg 1707w\" sizes=\"(max-width: 683px) 100vw, 683px\" \/>\t\t\t\t\t\t\t\t\t\t\t\t\t\t\t<\/div>\n\t\t\t\t<\/div>\n\t\t\t\t\t<\/div>\n\t\t<\/div>\n\t\t\t\t<div class=\"elementor-column elementor-col-66 elementor-top-column elementor-element elementor-element-92ed6df\" data-id=\"92ed6df\" data-element_type=\"column\">\n\t\t\t<div class=\"elementor-widget-wrap elementor-element-populated\">\n\t\t\t\t\t\t<div class=\"elementor-element elementor-element-a3a6c1b elementor-drop-cap-yes elementor-drop-cap-view-default elementor-widget elementor-widget-text-editor\" data-id=\"a3a6c1b\" data-element_type=\"widget\" data-settings=\"{&quot;drop_cap&quot;:&quot;yes&quot;}\" data-widget_type=\"text-editor.default\">\n\t\t\t\t<div class=\"elementor-widget-container\">\n\t\t\t\t\t\t\t\t\t<p>Somos\u00a0<span style=\"letter-spacing: 0px;\">la porci\u00f3n del pueblo de Dios ubicado en el departamento del Cauca (Colombia, Sur Am\u00e9rica), que por designio de Dios ha sido encomendada al cuidado del Obispo, y \u00e9ste con la cooperaci\u00f3n de su presbiterio, la preside, la gu\u00eda, la pastorea, la santifica y la congrega.<\/span><\/p><p>Este pueblo de Dios compuesto por todos los bautizados y personas de buena voluntad, es convocado, reunido y alimentado por la Palabra de Dios y la Eucarist\u00eda, y de una manera especial, santificada por el Esp\u00edritu Santo.<\/p><p>Es as\u00ed este pueblo de Dios, Iglesia particular, presencia visible de la Iglesia Universal en comuni\u00f3n con el Obispo de Roma y las dem\u00e1s Iglesias particulares.<\/p><p>Somos el espacio vital, real y social donde se da la experiencia del encuentro con Jesucristo vivo, donde se descubre y se madura la vocaci\u00f3n a la santidad, adem\u00e1s se experimenta la riqueza y la gracia de ser disc\u00edpulo-misionero que lleva a todos la Palabra de Dios con alegr\u00eda.<\/p><p>Somos una Iglesia comuni\u00f3n, participaci\u00f3n y misi\u00f3n, en proceso continuo de renovaci\u00f3n para ser una Iglesia viva y din\u00e1mica que sea &#8220;luz del mundo y sal de la tierra&#8221;.<\/p><p>Actualmente nos encontramos bajo el cuidado, pastoreo y gu\u00eda de Monse\u00f1or Fr. Omar Alberto S\u00e1nchez Cubillos OP., Arzobispo de la Arquidi\u00f3cesis. Adem\u00e1s, con su presbiterio presente en las 92 parroquias que existen y en donde un gran n\u00famero de animadores de la evangelizaci\u00f3n sirven en cada una de las estructuras pastorales, llegando as\u00ed a cada una de las familias del Cauca, que es la totalidad del Pueblo de Dios en nuestro territorio.<\/p>\t\t\t\t\t\t\t\t<\/div>\n\t\t\t\t<\/div>\n\t\t\t\t\t<\/div>\n\t\t<\/div>\n\t\t\t\t\t<\/div>\n\t\t<\/section>\n\t\t\t\t<section class=\"elementor-section elementor-top-section elementor-element elementor-element-cecgjm7 elementor-section-boxed elementor-section-height-default elementor-section-height-default\" data-id=\"cecgjm7\" data-element_type=\"section\" data-settings=\"{&quot;background_background&quot;:&quot;classic&quot;}\">\n\t\t\t\t\t\t<div class=\"elementor-container elementor-column-gap-default\">\n\t\t\t\t\t<div class=\"elementor-column elementor-col-50 elementor-top-column elementor-element elementor-element-ohze7dy\" data-id=\"ohze7dy\" data-element_type=\"column\">\n\t\t\t<div class=\"elementor-widget-wrap\">\n\t\t\t\t\t\t\t<\/div>\n\t\t<\/div>\n\t\t\t\t<div class=\"elementor-column elementor-col-50 elementor-top-column elementor-element elementor-element-k3eduwd\" data-id=\"k3eduwd\" data-element_type=\"column\">\n\t\t\t<div class=\"elementor-widget-wrap elementor-element-populated\">\n\t\t\t\t\t\t<div class=\"elementor-element elementor-element-zzd2wyd elementor-widget elementor-widget-text-editor\" data-id=\"zzd2wyd\" data-element_type=\"widget\" data-widget_type=\"text-editor.default\">\n\t\t\t\t<div class=\"elementor-widget-container\">\n\t\t\t\t\t\t\t\t\t<h4 style=\"text-align: center;\"><strong>Excelent\u00edsimo Monse\u00f1or Omar Alberto S\u00e1nchez Cubillos<\/strong><\/h4>\t\t\t\t\t\t\t\t<\/div>\n\t\t\t\t<\/div>\n\t\t\t\t<div class=\"elementor-element elementor-element-18a7017 elementor-widget elementor-widget-text-editor\" data-id=\"18a7017\" data-element_type=\"widget\" data-widget_type=\"text-editor.default\">\n\t\t\t\t<div class=\"elementor-widget-container\">\n\t\t\t\t\t\t\t\t\t<p style=\"text-align: center; background-color: #ffffff;\">Nacimiento: Septiembre 20 de 1963 &#8211; Cogua &#8211; Cundinamarca<br \/>Sacerdote: Febrero 17 de 1990<br \/>Obispo: Agosto 8 de 2011<br \/>Arzobispo: Diciembre 12 de 2020<\/p><p style=\"text-align: center; background-color: #ffffff;\">Despacho: Calle 5 # 6 &#8211; 71 Piso 2\u00ba<br \/>Secretaria: Angela Isabel Viveros Ospina<br \/>Tel\u00e9fonos: (602) 8240711<\/p><p style=\"text-align: center; background-color: #ffffff;\">Horario de atenci\u00f3n al p\u00fablico: Lunes a Viernes 8 a.m. a 12 m y 2 p.m. a 4:30 pm<br \/>Para citas con el Se\u00f1or Arzobispo, solicitarlas con anticipaci\u00f3n<\/p>\t\t\t\t\t\t\t\t<\/div>\n\t\t\t\t<\/div>\n\t\t\t\t\t<\/div>\n\t\t<\/div>\n\t\t\t\t\t<\/div>\n\t\t<\/section>\n\t\t\t\t<section class=\"elementor-section elementor-top-section elementor-element elementor-element-8jh8qqf elementor-section-boxed elementor-section-height-default elementor-section-height-default\" data-id=\"8jh8qqf\" data-element_type=\"section\">\n\t\t\t\t\t\t<div class=\"elementor-container elementor-column-gap-default\">\n\t\t\t\t\t<div class=\"elementor-column elementor-col-100 elementor-top-column elementor-element elementor-element-lpda9ni\" data-id=\"lpda9ni\" data-element_type=\"column\">\n\t\t\t<div class=\"elementor-widget-wrap elementor-element-populated\">\n\t\t\t\t\t\t<div class=\"elementor-element elementor-element-7rkvrew elementor-widget elementor-widget-text-editor\" data-id=\"7rkvrew\" data-element_type=\"widget\" data-widget_type=\"text-editor.default\">\n\t\t\t\t<div class=\"elementor-widget-container\">\n\t\t\t\t\t\t\t\t\t<p style=\"text-align: center;\"><strong>QUI\u00c9N ES EL OBISPO<\/strong><\/p><p>Un obispo puede llevar diferentes t\u00edtulos, Arzobispo se refiere al obispo que preside una di\u00f3cesis particularmente importante, ya sea por su tama\u00f1o, su relevancia hist\u00f3rica o por ambas, y que por eso ha sido elevada a la categor\u00eda de Arquidi\u00f3cesis y que preside en ciertas funciones el conjunto de di\u00f3cesis sufrag\u00e1neas que conforman la provincia eclesi\u00e1stica.<\/p><p><strong>QUI\u00c9N ES EL ARZOBISPO<\/strong><br \/>Un obispo puede llevar a diferentes t\u00edtulos: Arzobispo: Se refiere al obispo que preside una di\u00f3cesis particularmente importante, ya sea por su tama\u00f1o, su relevancia hist\u00f3rica o por ambas, y que por eso ha sido elevada a la categor\u00eda de Arquidi\u00f3cesis.<\/p><p>\u00a0<\/p>\t\t\t\t\t\t\t\t<\/div>\n\t\t\t\t<\/div>\n\t\t\t\t\t<\/div>\n\t\t<\/div>\n\t\t\t\t\t<\/div>\n\t\t<\/section>\n\t\t\t\t<\/div>\n\t\t","protected":false},"excerpt":{"rendered":"<p>Nosotros Somos\u00a0la porci\u00f3n del pueblo de Dios ubicado en el departamento del Cauca (Colombia, Sur Am\u00e9rica), que por designio de Dios ha sido encomendada al cuidado del Obispo, y \u00e9ste con la cooperaci\u00f3n de su presbiterio, la preside, la gu\u00eda, la pastorea, la santifica y la congrega. Este pueblo de Dios compuesto por todos los &hellip;<\/p>\n","protected":false},"author":7,"featured_media":0,"parent":0,"menu_order":0,"comment_status":"closed","ping_status":"closed","template":"","meta":{"_uag_custom_page_level_css":"","footnotes":""},"class_list":["post-6","page","type-page","status-publish","hentry","no-thumb"],"uagb_featured_image_src":{"full":false,"thumbnail":false,"medium":false,"medium_large":false,"large":false,"1536x1536":false,"2048x2048":false,"post-thumbnail":false,"brotherlylove-thumb-s":false,"brotherlylove-thumb-blog-grid":false,"brotherlylove-thumb-blog-masonry":false,"brotherlylove-thumb-l":false,"brotherlylove-thumb-blog":false,"brotherlylove-thumb-project":false,"brotherlylove-thumb-project-term":false,"awb_sm":false,"awb_md":false,"awb_lg":false,"awb_xl":false,"og-image":false,"og-image@2x":false},"uagb_author_info":{"display_name":"Arquidi\u00f3cesis de Popay\u00e1n","author_link":"https:\/\/arquidiocesisdepopayan.org\/web\/author\/arquidp\/"},"uagb_comment_info":0,"uagb_excerpt":"Nosotros Somos\u00a0la porci\u00f3n del pueblo de Dios ubicado en el departamento del Cauca (Colombia, Sur Am\u00e9rica), que por designio de Dios ha sido encomendada al cuidado del Obispo, y \u00e9ste con la cooperaci\u00f3n de su presbiterio, la preside, la gu\u00eda, la pastorea, la santifica y la congrega. Este pueblo de Dios compuesto por todos los&hellip;","_links":{"self":[{"href":"https:\/\/arquidiocesisdepopayan.org\/web\/wp-json\/wp\/v2\/pages\/6","targetHints":{"allow":["GET"]}}],"collection":[{"href":"https:\/\/arquidiocesisdepopayan.org\/web\/wp-json\/wp\/v2\/pages"}],"about":[{"href":"https:\/\/arquidiocesisdepopayan.org\/web\/wp-json\/wp\/v2\/types\/page"}],"author":[{"embeddable":true,"href":"https:\/\/arquidiocesisdepopayan.org\/web\/wp-json\/wp\/v2\/users\/7"}],"replies":[{"embeddable":true,"href":"https:\/\/arquidiocesisdepopayan.org\/web\/wp-json\/wp\/v2\/comments?post=6"}],"version-history":[{"count":48,"href":"https:\/\/arquidiocesisdepopayan.org\/web\/wp-json\/wp\/v2\/pages\/6\/revisions"}],"predecessor-version":[{"id":11409,"href":"https:\/\/arquidiocesisdepopayan.org\/web\/wp-json\/wp\/v2\/pages\/6\/revisions\/11409"}],"wp:attachment":[{"href":"https:\/\/arquidiocesisdepopayan.org\/web\/wp-json\/wp\/v2\/media?parent=6"}],"curies":[{"name":"wp","href":"https:\/\/api.w.org\/{rel}","templated":true}]}}