{"id":7062,"date":"2019-01-16T16:26:02","date_gmt":"2019-01-16T16:26:02","guid":{"rendered":"http:\/\/arquidiocesisdepopayan.org\/web\/?page_id=7062"},"modified":"2019-01-16T16:26:02","modified_gmt":"2019-01-16T16:26:02","slug":"visitas-pastorales-2019","status":"publish","type":"page","link":"https:\/\/arquidiocesisdepopayan.org\/web\/visitas-pastorales-2019\/","title":{"rendered":"Visitas Pastorales 2019"},"content":{"rendered":"<p><img fetchpriority=\"high\" decoding=\"async\" class=\"size-medium wp-image-7040 alignleft\" src=\"http:\/\/arquidiocesisdepopayan.org\/web\/wp-content\/uploads\/2019\/01\/WhatsApp-Image-2019-01-11-at-9.10.45-AM1-300x169.jpeg\" alt=\"\" width=\"300\" height=\"169\" srcset=\"https:\/\/arquidiocesisdepopayan.org\/web\/wp-content\/uploads\/2019\/01\/WhatsApp-Image-2019-01-11-at-9.10.45-AM1-300x169.jpeg 300w, https:\/\/arquidiocesisdepopayan.org\/web\/wp-content\/uploads\/2019\/01\/WhatsApp-Image-2019-01-11-at-9.10.45-AM1-768x432.jpeg 768w, https:\/\/arquidiocesisdepopayan.org\/web\/wp-content\/uploads\/2019\/01\/WhatsApp-Image-2019-01-11-at-9.10.45-AM1-1024x576.jpeg 1024w, https:\/\/arquidiocesisdepopayan.org\/web\/wp-content\/uploads\/2019\/01\/WhatsApp-Image-2019-01-11-at-9.10.45-AM1-700x394.jpeg 700w, https:\/\/arquidiocesisdepopayan.org\/web\/wp-content\/uploads\/2019\/01\/WhatsApp-Image-2019-01-11-at-9.10.45-AM1.jpeg 1280w\" sizes=\"(max-width: 300px) 100vw, 300px\" \/><\/p>\n<p style=\"text-align: center;\"><span style=\"color: #ff0000;\">Visitas Pastorales 2019<\/span><\/p>\n<p>Con la finalidad de animar el Camino de Evangelizaci\u00f3n de la Arquidi\u00f3cesis de Popay\u00e1n (CEAP) como celebrar los sacramentos y dialogar con los sacerdotes y comunidades parroquiales el Se\u00f1or Arzobispo comparte el calendario de las Visitas Pastorales\u00a0 2019 para vivir la comuni\u00f3n y participaci\u00f3n especialmente con la oraci\u00f3n y el compromiso misionero<\/p>\n<p>&nbsp;<\/p>\n<p><a href=\"http:\/\/arquidiocesisdepopayan.org\/web\/wp-content\/uploads\/2019\/01\/Visitas-Pastorales-2019-pdf.pdf\">Visitas Pastorales 2019 pdf<\/a><\/p>\n<!-- WP Attachments -->\r\n        <div style=\"width:100%;margin:10px 0 10px 0;\">\r\n            <h3>Adjuntos<\/h3>\r\n        <ul class=\"post-attachments\"><li class=\"post-attachment mime-application-pdf\"><a target=\"_blank\" href=\"https:\/\/arquidiocesisdepopayan.org\/web\/visitas-pastorales-2019\/?download=7063\">Visitas Pastorales 2019 pdf<\/a> <small>(659 kB)<\/small><\/li><\/ul><\/div>","protected":false},"excerpt":{"rendered":"<p>Visitas Pastorales 2019 Con la finalidad de animar el Camino de Evangelizaci\u00f3n de la Arquidi\u00f3cesis de Popay\u00e1n (CEAP) como celebrar los sacramentos y dialogar con los sacerdotes y comunidades parroquiales el Se\u00f1or Arzobispo comparte el calendario de las Visitas Pastorales\u00a0 2019 para vivir la comuni\u00f3n y participaci\u00f3n especialmente con la oraci\u00f3n y el compromiso misionero &hellip;<\/p>\n","protected":false},"author":1,"featured_media":7060,"parent":0,"menu_order":0,"comment_status":"closed","ping_status":"closed","template":"","meta":{"_uag_custom_page_level_css":"","footnotes":""},"class_list":["post-7062","page","type-page","status-publish","has-post-thumbnail","hentry","has-thumb"],"uagb_featured_image_src":{"full":["https:\/\/arquidiocesisdepopayan.org\/web\/wp-content\/uploads\/2019\/01\/Visitas-Pastorales-2019-pptx.jpg",960,720,false],"thumbnail":["https:\/\/arquidiocesisdepopayan.org\/web\/wp-content\/uploads\/2019\/01\/Visitas-Pastorales-2019-pptx-150x150.jpg",150,150,true],"medium":["https:\/\/arquidiocesisdepopayan.org\/web\/wp-content\/uploads\/2019\/01\/Visitas-Pastorales-2019-pptx-300x225.jpg",300,225,true],"medium_large":["https:\/\/arquidiocesisdepopayan.org\/web\/wp-content\/uploads\/2019\/01\/Visitas-Pastorales-2019-pptx-768x576.jpg",710,533,true],"large":["https:\/\/arquidiocesisdepopayan.org\/web\/wp-content\/uploads\/2019\/01\/Visitas-Pastorales-2019-pptx.jpg",710,533,false],"1536x1536":["https:\/\/arquidiocesisdepopayan.org\/web\/wp-content\/uploads\/2019\/01\/Visitas-Pastorales-2019-pptx.jpg",960,720,false],"2048x2048":["https:\/\/arquidiocesisdepopayan.org\/web\/wp-content\/uploads\/2019\/01\/Visitas-Pastorales-2019-pptx.jpg",960,720,false],"post-thumbnail":["https:\/\/arquidiocesisdepopayan.org\/web\/wp-content\/uploads\/2019\/01\/Visitas-Pastorales-2019-pptx-640x506.jpg",640,506,true],"brotherlylove-thumb-s":["https:\/\/arquidiocesisdepopayan.org\/web\/wp-content\/uploads\/2019\/01\/Visitas-Pastorales-2019-pptx-130x136.jpg",130,136,true],"brotherlylove-thumb-blog-grid":["https:\/\/arquidiocesisdepopayan.org\/web\/wp-content\/uploads\/2019\/01\/Visitas-Pastorales-2019-pptx-536x505.jpg",536,505,true],"brotherlylove-thumb-blog-masonry":["https:\/\/arquidiocesisdepopayan.org\/web\/wp-content\/uploads\/2019\/01\/Visitas-Pastorales-2019-pptx-700x525.jpg",700,525,true],"brotherlylove-thumb-l":["https:\/\/arquidiocesisdepopayan.org\/web\/wp-content\/uploads\/2019\/01\/Visitas-Pastorales-2019-pptx-960x506.jpg",960,506,true],"brotherlylove-thumb-blog":["https:\/\/arquidiocesisdepopayan.org\/web\/wp-content\/uploads\/2019\/01\/Visitas-Pastorales-2019-pptx-418x276.jpg",418,276,true],"brotherlylove-thumb-project":["https:\/\/arquidiocesisdepopayan.org\/web\/wp-content\/uploads\/2019\/01\/Visitas-Pastorales-2019-pptx-370x260.jpg",370,260,true],"brotherlylove-thumb-project-term":["https:\/\/arquidiocesisdepopayan.org\/web\/wp-content\/uploads\/2019\/01\/Visitas-Pastorales-2019-pptx-640x493.jpg",640,493,true],"awb_sm":["https:\/\/arquidiocesisdepopayan.org\/web\/wp-content\/uploads\/2019\/01\/Visitas-Pastorales-2019-pptx.jpg",500,375,false],"awb_md":["https:\/\/arquidiocesisdepopayan.org\/web\/wp-content\/uploads\/2019\/01\/Visitas-Pastorales-2019-pptx.jpg",800,600,false],"awb_lg":["https:\/\/arquidiocesisdepopayan.org\/web\/wp-content\/uploads\/2019\/01\/Visitas-Pastorales-2019-pptx.jpg",960,720,false],"awb_xl":["https:\/\/arquidiocesisdepopayan.org\/web\/wp-content\/uploads\/2019\/01\/Visitas-Pastorales-2019-pptx.jpg",960,720,false],"og-image":["https:\/\/arquidiocesisdepopayan.org\/web\/wp-content\/uploads\/2019\/01\/Visitas-Pastorales-2019-pptx.jpg",840,630,false]},"uagb_author_info":{"display_name":"adminweb","author_link":"https:\/\/arquidiocesisdepopayan.org\/web\/author\/adminweb\/"},"uagb_comment_info":0,"uagb_excerpt":"Visitas Pastorales 2019 Con la finalidad de animar el Camino de Evangelizaci\u00f3n de la Arquidi\u00f3cesis de Popay\u00e1n (CEAP) como celebrar los sacramentos y dialogar con los sacerdotes y comunidades parroquiales el Se\u00f1or Arzobispo comparte el calendario de las Visitas Pastorales\u00a0 2019 para vivir la comuni\u00f3n y participaci\u00f3n especialmente con la oraci\u00f3n y el compromiso misionero&hellip;","_links":{"self":[{"href":"https:\/\/arquidiocesisdepopayan.org\/web\/wp-json\/wp\/v2\/pages\/7062","targetHints":{"allow":["GET"]}}],"collection":[{"href":"https:\/\/arquidiocesisdepopayan.org\/web\/wp-json\/wp\/v2\/pages"}],"about":[{"href":"https:\/\/arquidiocesisdepopayan.org\/web\/wp-json\/wp\/v2\/types\/page"}],"author":[{"embeddable":true,"href":"https:\/\/arquidiocesisdepopayan.org\/web\/wp-json\/wp\/v2\/users\/1"}],"replies":[{"embeddable":true,"href":"https:\/\/arquidiocesisdepopayan.org\/web\/wp-json\/wp\/v2\/comments?post=7062"}],"version-history":[{"count":1,"href":"https:\/\/arquidiocesisdepopayan.org\/web\/wp-json\/wp\/v2\/pages\/7062\/revisions"}],"predecessor-version":[{"id":7067,"href":"https:\/\/arquidiocesisdepopayan.org\/web\/wp-json\/wp\/v2\/pages\/7062\/revisions\/7067"}],"wp:featuredmedia":[{"embeddable":true,"href":"https:\/\/arquidiocesisdepopayan.org\/web\/wp-json\/wp\/v2\/media\/7060"}],"wp:attachment":[{"href":"https:\/\/arquidiocesisdepopayan.org\/web\/wp-json\/wp\/v2\/media?parent=7062"}],"curies":[{"name":"wp","href":"https:\/\/api.w.org\/{rel}","templated":true}]}}