{"id":7106,"date":"2019-02-28T21:30:22","date_gmt":"2019-02-28T21:30:22","guid":{"rendered":"http:\/\/arquidiocesisdepopayan.org\/web\/?page_id=7106"},"modified":"2019-02-28T21:30:25","modified_gmt":"2019-02-28T21:30:25","slug":"mensaje-de-cuaresma-papa-francisco","status":"publish","type":"page","link":"https:\/\/arquidiocesisdepopayan.org\/web\/mensaje-de-cuaresma-papa-francisco\/","title":{"rendered":"Mensaje de Cuaresma -Papa Francisco"},"content":{"rendered":"\t\t<div data-elementor-type=\"wp-post\" data-elementor-id=\"7106\" class=\"elementor elementor-7106 elementor-bc-flex-widget\" data-elementor-post-type=\"page\">\n\t\t\t\t\t\t<section class=\"elementor-section elementor-top-section elementor-element elementor-element-6ec9d0fb elementor-section-boxed elementor-section-height-default elementor-section-height-default\" data-id=\"6ec9d0fb\" data-element_type=\"section\">\n\t\t\t\t\t\t<div class=\"elementor-container elementor-column-gap-default\">\n\t\t\t\t\t<div class=\"elementor-column elementor-col-100 elementor-top-column elementor-element elementor-element-2716c62a\" data-id=\"2716c62a\" data-element_type=\"column\">\n\t\t\t<div class=\"elementor-widget-wrap elementor-element-populated\">\n\t\t\t\t\t\t<div class=\"elementor-element elementor-element-5f4e2d79 elementor-widget elementor-widget-text-editor\" data-id=\"5f4e2d79\" data-element_type=\"widget\" data-widget_type=\"text-editor.default\">\n\t\t\t\t<div class=\"elementor-widget-container\">\n\t\t\t\t\t\t\t\t\t\n<p style=\"text-align: left;\"><span style=\"color: #3366ff;\"><strong>Pres<a href=\"http:\/\/arquidiocesisdepopayan.org\/web\/mensaje-cuaresma-2019\/\" rel=\"attachment wp-att-7108\"><img fetchpriority=\"high\" decoding=\"async\" class=\"alignright size-medium wp-image-7108\" src=\"http:\/\/arquidiocesisdepopayan.org\/web\/wp-content\/uploads\/2019\/02\/Mensaje-Cuaresma-2019-300x175.jpg\" alt=\"\" width=\"300\" height=\"175\" srcset=\"https:\/\/arquidiocesisdepopayan.org\/web\/wp-content\/uploads\/2019\/02\/Mensaje-Cuaresma-2019-300x175.jpg 300w, https:\/\/arquidiocesisdepopayan.org\/web\/wp-content\/uploads\/2019\/02\/Mensaje-Cuaresma-2019-768x448.jpg 768w, https:\/\/arquidiocesisdepopayan.org\/web\/wp-content\/uploads\/2019\/02\/Mensaje-Cuaresma-2019-1024x597.jpg 1024w, https:\/\/arquidiocesisdepopayan.org\/web\/wp-content\/uploads\/2019\/02\/Mensaje-Cuaresma-2019-700x408.jpg 700w, https:\/\/arquidiocesisdepopayan.org\/web\/wp-content\/uploads\/2019\/02\/Mensaje-Cuaresma-2019.jpg 1200w\" sizes=\"(max-width: 300px) 100vw, 300px\" \/><\/a>ervar la creaci\u00f3n, mensaje del Papa Francisco para la Cuaresma 2019<\/strong><\/span><\/p>\n\n<p>La creaci\u00f3n, expectante, est\u00e1 aguardando la manifestaci\u00f3n de los hijos de Dios\u201d (Rm. 8, 19), as\u00ed titula el Mensaje del Papa Francisco para la Cuaresma 2019, que este a\u00f1o comienza el pr\u00f3ximo 6 de marzo, mi\u00e9rcoles de Ceniza.<\/p>\n\n<p>El mensaje para la Cuaresma 2019 usa el lenguaje de la ecolog\u00eda y muestra una gran esperanza: \u201cvolver a encontrar as\u00ed la alegr\u00eda del proyecto que Dios ha puesto en la creaci\u00f3n y en nuestro coraz\u00f3n, es decir amarle, amar a nuestros hermanos y al mundo entero, y encontrar en este amor la verdadera felicidad\u201d.\u00a0<\/p>\n\n<p>El Pont\u00edfice pidi\u00f3 que, para la Cuaresma, haya una &#8220;conversi\u00f3n&#8221; que &#8220;llame a los cristianos a encarnar m\u00e1s intensa y concretamente el misterio pascual en su vida personal, familiar y social, en particular a trav\u00e9s del ayuno, la oraci\u00f3n y la limosna&#8221;. &#8220;Ayunar, es decir, aprender a cambiar nuestra actitud hacia los dem\u00e1s y las criaturas: desde la tentaci\u00f3n de &#8216;devorar&#8217; todo para saciar nuestra codicia, hacia la capacidad de sufrir por amor, que puede llenar el vac\u00edo de nuestro coraz\u00f3n&#8221;, se\u00f1al\u00f3.<\/p>\n\n<p>&#8220;Rezar para saber renunciar a la idolatr\u00eda y a la autosuficiencia de nuestro yo, y declararnos necesitados del Se\u00f1or y de su misericordia&#8221;, prosigui\u00f3. &#8220;Dar limosna para alejarse de la insensatez de vivir y acumular todo para nosotros mismos, en la ilusi\u00f3n de asegurar un futuro que no nos pertenece&#8221;, termin\u00f3. &#8220;No dejemos pasar en vano este tiempo favorable. Pidamos a Dios que nos ayude a poner en acto un camino de verdadera conversi\u00f3n&#8221;, concluy\u00f3 Francisco a prop\u00f3sito de la Cuaresma.<\/p>\n\t\t\t\t\t\t\t\t<\/div>\n\t\t\t\t<\/div>\n\t\t\t\t\t<\/div>\n\t\t<\/div>\n\t\t\t\t\t<\/div>\n\t\t<\/section>\n\t\t\t\t<\/div>\n\t\t","protected":false},"excerpt":{"rendered":"<p>Preservar la creaci\u00f3n, mensaje del Papa Francisco para la Cuaresma 2019 La creaci\u00f3n, expectante, est\u00e1 aguardando la manifestaci\u00f3n de los hijos de Dios\u201d (Rm. 8, 19), as\u00ed titula el Mensaje del Papa Francisco para la Cuaresma 2019, que este a\u00f1o comienza el pr\u00f3ximo 6 de marzo, mi\u00e9rcoles de Ceniza. El mensaje para la Cuaresma 2019 &hellip;<\/p>\n","protected":false},"author":1,"featured_media":0,"parent":0,"menu_order":0,"comment_status":"closed","ping_status":"closed","template":"","meta":{"_uag_custom_page_level_css":"","footnotes":""},"class_list":["post-7106","page","type-page","status-publish","hentry","no-thumb"],"uagb_featured_image_src":{"full":false,"thumbnail":false,"medium":false,"medium_large":false,"large":false,"1536x1536":false,"2048x2048":false,"post-thumbnail":false,"brotherlylove-thumb-s":false,"brotherlylove-thumb-blog-grid":false,"brotherlylove-thumb-blog-masonry":false,"brotherlylove-thumb-l":false,"brotherlylove-thumb-blog":false,"brotherlylove-thumb-project":false,"brotherlylove-thumb-project-term":false,"awb_sm":false,"awb_md":false,"awb_lg":false,"awb_xl":false,"og-image":false},"uagb_author_info":{"display_name":"adminweb","author_link":"https:\/\/arquidiocesisdepopayan.org\/web\/author\/adminweb\/"},"uagb_comment_info":0,"uagb_excerpt":"Preservar la creaci\u00f3n, mensaje del Papa Francisco para la Cuaresma 2019 La creaci\u00f3n, expectante, est\u00e1 aguardando la manifestaci\u00f3n de los hijos de Dios\u201d (Rm. 8, 19), as\u00ed titula el Mensaje del Papa Francisco para la Cuaresma 2019, que este a\u00f1o comienza el pr\u00f3ximo 6 de marzo, mi\u00e9rcoles de Ceniza. El mensaje para la Cuaresma 2019&hellip;","_links":{"self":[{"href":"https:\/\/arquidiocesisdepopayan.org\/web\/wp-json\/wp\/v2\/pages\/7106","targetHints":{"allow":["GET"]}}],"collection":[{"href":"https:\/\/arquidiocesisdepopayan.org\/web\/wp-json\/wp\/v2\/pages"}],"about":[{"href":"https:\/\/arquidiocesisdepopayan.org\/web\/wp-json\/wp\/v2\/types\/page"}],"author":[{"embeddable":true,"href":"https:\/\/arquidiocesisdepopayan.org\/web\/wp-json\/wp\/v2\/users\/1"}],"replies":[{"embeddable":true,"href":"https:\/\/arquidiocesisdepopayan.org\/web\/wp-json\/wp\/v2\/comments?post=7106"}],"version-history":[{"count":3,"href":"https:\/\/arquidiocesisdepopayan.org\/web\/wp-json\/wp\/v2\/pages\/7106\/revisions"}],"predecessor-version":[{"id":7113,"href":"https:\/\/arquidiocesisdepopayan.org\/web\/wp-json\/wp\/v2\/pages\/7106\/revisions\/7113"}],"wp:attachment":[{"href":"https:\/\/arquidiocesisdepopayan.org\/web\/wp-json\/wp\/v2\/media?parent=7106"}],"curies":[{"name":"wp","href":"https:\/\/api.w.org\/{rel}","templated":true}]}}