{"id":8055,"date":"2021-01-24T18:08:22","date_gmt":"2021-01-24T23:08:22","guid":{"rendered":"http:\/\/arquidiocesisdepopayan.org\/web\/?page_id=8055"},"modified":"2023-05-09T08:50:16","modified_gmt":"2023-05-09T13:50:16","slug":"recursos-pastorales","status":"publish","type":"page","link":"https:\/\/arquidiocesisdepopayan.org\/web\/pastorales\/pastoral-familiar\/recursos-pastorales\/","title":{"rendered":"Recursos Pastorales"},"content":{"rendered":"\t\t<div data-elementor-type=\"wp-page\" data-elementor-id=\"8055\" class=\"elementor elementor-8055\" data-elementor-post-type=\"page\">\n\t\t\t\t\t\t<section class=\"elementor-section elementor-top-section elementor-element elementor-element-4a9b0af6 elementor-section-full_width elementor-section-height-default elementor-section-height-default\" data-id=\"4a9b0af6\" data-element_type=\"section\">\n\t\t\t\t\t\t<div class=\"elementor-container elementor-column-gap-no\">\n\t\t\t\t\t<div class=\"elementor-column elementor-col-50 elementor-top-column elementor-element elementor-element-1152d3a6\" data-id=\"1152d3a6\" data-element_type=\"column\">\n\t\t\t<div class=\"elementor-widget-wrap elementor-element-populated\">\n\t\t\t\t\t\t<div class=\"elementor-element elementor-element-4d7f6da7 elementor-widget elementor-widget-image\" data-id=\"4d7f6da7\" data-element_type=\"widget\" data-widget_type=\"image.default\">\n\t\t\t\t<div class=\"elementor-widget-container\">\n\t\t\t\t\t\t\t\t\t\t\t\t\t\t\t<img fetchpriority=\"high\" decoding=\"async\" width=\"640\" height=\"426\" src=\"https:\/\/arquidiocesisdepopayan.org\/web\/wp-content\/uploads\/2021\/01\/sibling-1023003_640.jpg\" class=\"attachment-full size-full wp-image-8067\" alt=\"\" srcset=\"https:\/\/arquidiocesisdepopayan.org\/web\/wp-content\/uploads\/2021\/01\/sibling-1023003_640.jpg 640w, https:\/\/arquidiocesisdepopayan.org\/web\/wp-content\/uploads\/2021\/01\/sibling-1023003_640-300x200.jpg 300w\" sizes=\"(max-width: 640px) 100vw, 640px\" \/>\t\t\t\t\t\t\t\t\t\t\t\t\t\t\t<\/div>\n\t\t\t\t<\/div>\n\t\t\t\t<div class=\"elementor-element elementor-element-5efc026 elementor-widget elementor-widget-image\" data-id=\"5efc026\" data-element_type=\"widget\" data-widget_type=\"image.default\">\n\t\t\t\t<div class=\"elementor-widget-container\">\n\t\t\t\t\t\t\t\t\t\t\t\t\t\t\t<img decoding=\"async\" width=\"1920\" height=\"1280\" src=\"https:\/\/arquidiocesisdepopayan.org\/web\/wp-content\/uploads\/2021\/01\/casal-2368560_1920.jpg\" class=\"attachment-full size-full wp-image-8065\" alt=\"\" srcset=\"https:\/\/arquidiocesisdepopayan.org\/web\/wp-content\/uploads\/2021\/01\/casal-2368560_1920.jpg 1920w, https:\/\/arquidiocesisdepopayan.org\/web\/wp-content\/uploads\/2021\/01\/casal-2368560_1920-300x200.jpg 300w, https:\/\/arquidiocesisdepopayan.org\/web\/wp-content\/uploads\/2021\/01\/casal-2368560_1920-1024x683.jpg 1024w, https:\/\/arquidiocesisdepopayan.org\/web\/wp-content\/uploads\/2021\/01\/casal-2368560_1920-768x512.jpg 768w, https:\/\/arquidiocesisdepopayan.org\/web\/wp-content\/uploads\/2021\/01\/casal-2368560_1920-1536x1024.jpg 1536w, https:\/\/arquidiocesisdepopayan.org\/web\/wp-content\/uploads\/2021\/01\/casal-2368560_1920-700x467.jpg 700w\" sizes=\"(max-width: 1920px) 100vw, 1920px\" \/>\t\t\t\t\t\t\t\t\t\t\t\t\t\t\t<\/div>\n\t\t\t\t<\/div>\n\t\t\t\t\t<\/div>\n\t\t<\/div>\n\t\t\t\t<div class=\"elementor-column elementor-col-50 elementor-top-column elementor-element elementor-element-55bf2302\" data-id=\"55bf2302\" data-element_type=\"column\" data-settings=\"{&quot;background_background&quot;:&quot;classic&quot;}\">\n\t\t\t<div class=\"elementor-widget-wrap elementor-element-populated\">\n\t\t\t\t\t\t<div class=\"elementor-element elementor-element-55c0bbb7 elementor-widget elementor-widget-heading\" data-id=\"55c0bbb7\" data-element_type=\"widget\" data-widget_type=\"heading.default\">\n\t\t\t\t<div class=\"elementor-widget-container\">\n\t\t\t\t\t<h2 class=\"elementor-heading-title elementor-size-large\">Recursos pastorales<\/h2>\t\t\t\t<\/div>\n\t\t\t\t<\/div>\n\t\t\t\t<section class=\"elementor-section elementor-inner-section elementor-element elementor-element-c93b872 elementor-reverse-mobile elementor-section-boxed elementor-section-height-default elementor-section-height-default\" data-id=\"c93b872\" data-element_type=\"section\">\n\t\t\t\t\t\t<div class=\"elementor-container elementor-column-gap-default\">\n\t\t\t\t\t<div class=\"elementor-column elementor-col-100 elementor-inner-column elementor-element elementor-element-74bdd8f5\" data-id=\"74bdd8f5\" data-element_type=\"column\" data-settings=\"{&quot;background_background&quot;:&quot;classic&quot;}\">\n\t\t\t<div class=\"elementor-widget-wrap elementor-element-populated\">\n\t\t\t\t\t\t<div class=\"elementor-element elementor-element-7b305ae elementor-widget elementor-widget-text-editor\" data-id=\"7b305ae\" data-element_type=\"widget\" data-widget_type=\"text-editor.default\">\n\t\t\t\t<div class=\"elementor-widget-container\">\n\t\t\t\t\t\t\t\t\t<p>Brindamos diferentes herramientas digitales y apoyos audiovisuales para el desarrollo de diversos temas y actividades que\u00a0 propician espacios de di\u00e1logo que permiten responder preguntas de situaciones cotidianas como lo son: a nivel familiar, social y espiritual. Estas herramientas permiten realizar diferentes trabajos para la evangelizaci\u00f3n en pareja y familia.<\/p>\t\t\t\t\t\t\t\t<\/div>\n\t\t\t\t<\/div>\n\t\t\t\t\t<\/div>\n\t\t<\/div>\n\t\t\t\t\t<\/div>\n\t\t<\/section>\n\t\t\t\t\t<\/div>\n\t\t<\/div>\n\t\t\t\t\t<\/div>\n\t\t<\/section>\n\t\t\t\t<section class=\"elementor-section elementor-top-section elementor-element elementor-element-6015826d elementor-section-full_width elementor-section-height-default elementor-section-height-default\" data-id=\"6015826d\" data-element_type=\"section\">\n\t\t\t\t\t\t<div class=\"elementor-container elementor-column-gap-no\">\n\t\t\t\t\t<div class=\"elementor-column elementor-col-33 elementor-top-column elementor-element elementor-element-258917fd\" data-id=\"258917fd\" data-element_type=\"column\" data-settings=\"{&quot;background_background&quot;:&quot;classic&quot;}\">\n\t\t\t<div class=\"elementor-widget-wrap elementor-element-populated\">\n\t\t\t\t\t\t<div class=\"elementor-element elementor-element-7a839e5e elementor-widget elementor-widget-image\" data-id=\"7a839e5e\" data-element_type=\"widget\" data-widget_type=\"image.default\">\n\t\t\t\t<div class=\"elementor-widget-container\">\n\t\t\t\t\t\t\t\t\t\t\t\t\t\t\t\t<a href=\"http:\/\/arquidiocesisdepopayan.org\/web\/familia-faro-espiritual\/\">\n\t\t\t\t\t\t\t<img decoding=\"async\" width=\"1280\" height=\"853\" src=\"https:\/\/arquidiocesisdepopayan.org\/web\/wp-content\/uploads\/2021\/01\/familia2.jpg\" class=\"attachment-full size-full wp-image-7981\" alt=\"\" srcset=\"https:\/\/arquidiocesisdepopayan.org\/web\/wp-content\/uploads\/2021\/01\/familia2.jpg 1280w, https:\/\/arquidiocesisdepopayan.org\/web\/wp-content\/uploads\/2021\/01\/familia2-300x200.jpg 300w, https:\/\/arquidiocesisdepopayan.org\/web\/wp-content\/uploads\/2021\/01\/familia2-1024x682.jpg 1024w, https:\/\/arquidiocesisdepopayan.org\/web\/wp-content\/uploads\/2021\/01\/familia2-768x512.jpg 768w, https:\/\/arquidiocesisdepopayan.org\/web\/wp-content\/uploads\/2021\/01\/familia2-700x466.jpg 700w\" sizes=\"(max-width: 1280px) 100vw, 1280px\" \/>\t\t\t\t\t\t\t\t<\/a>\n\t\t\t\t\t\t\t\t\t\t\t\t\t\t\t<\/div>\n\t\t\t\t<\/div>\n\t\t\t\t<div class=\"elementor-element elementor-element-2d85a7ac elementor-widget elementor-widget-heading\" data-id=\"2d85a7ac\" data-element_type=\"widget\" data-widget_type=\"heading.default\">\n\t\t\t\t<div class=\"elementor-widget-container\">\n\t\t\t\t\t<h3 class=\"elementor-heading-title elementor-size-large\"><a href=\"http:\/\/arquidiocesisdepopayan.org\/web\/familia-faro-espiritual\/\">LA FAMILIA FARO ESPIRITUAL DE SUS MIEMBROS<\/a><\/h3>\t\t\t\t<\/div>\n\t\t\t\t<\/div>\n\t\t\t\t<div class=\"elementor-element elementor-element-7d99cb59 elementor-widget elementor-widget-text-editor\" data-id=\"7d99cb59\" data-element_type=\"widget\" data-widget_type=\"text-editor.default\">\n\t\t\t\t<div class=\"elementor-widget-container\">\n\t\t\t\t\t\t\t\t\t<p><span style=\"color: #ffffff;\">Sus miembros, llamados a la fe y a la vida eterna, son &#8220;part\u00edcipes de la naturaleza divina&#8221; (2 P 1, 4), se alimentan en la mesa de la palabra de Dios y de los sacramentos, y se manifiestan con aquel modo evang\u00e9lico de pensar y de obrar que les abre a la vida de la santidad sobre la tierra y de la felicidad eterna en el cielo (cf. Ef 1, 4-5)<\/span><\/p>\t\t\t\t\t\t\t\t<\/div>\n\t\t\t\t<\/div>\n\t\t\t\t\t<\/div>\n\t\t<\/div>\n\t\t\t\t<div class=\"elementor-column elementor-col-33 elementor-top-column elementor-element elementor-element-119db1f\" data-id=\"119db1f\" data-element_type=\"column\" data-settings=\"{&quot;background_background&quot;:&quot;classic&quot;}\">\n\t\t\t<div class=\"elementor-widget-wrap elementor-element-populated\">\n\t\t\t\t\t\t<div class=\"elementor-element elementor-element-3e129b5 elementor-widget elementor-widget-image\" data-id=\"3e129b5\" data-element_type=\"widget\" data-widget_type=\"image.default\">\n\t\t\t\t<div class=\"elementor-widget-container\">\n\t\t\t\t\t\t\t\t\t\t\t\t\t\t\t\t<a href=\"http:\/\/arquidiocesisdepopayan.org\/web\/vocacion-surge-en-la-familia\/\">\n\t\t\t\t\t\t\t<img loading=\"lazy\" decoding=\"async\" width=\"640\" height=\"426\" src=\"https:\/\/arquidiocesisdepopayan.org\/web\/wp-content\/uploads\/2021\/01\/mom-20666_640.jpg\" class=\"attachment-full size-full wp-image-8081\" alt=\"\" srcset=\"https:\/\/arquidiocesisdepopayan.org\/web\/wp-content\/uploads\/2021\/01\/mom-20666_640.jpg 640w, https:\/\/arquidiocesisdepopayan.org\/web\/wp-content\/uploads\/2021\/01\/mom-20666_640-300x200.jpg 300w\" sizes=\"(max-width: 640px) 100vw, 640px\" \/>\t\t\t\t\t\t\t\t<\/a>\n\t\t\t\t\t\t\t\t\t\t\t\t\t\t\t<\/div>\n\t\t\t\t<\/div>\n\t\t\t\t<div class=\"elementor-element elementor-element-046aa45 elementor-widget elementor-widget-heading\" data-id=\"046aa45\" data-element_type=\"widget\" data-widget_type=\"heading.default\">\n\t\t\t\t<div class=\"elementor-widget-container\">\n\t\t\t\t\t<h3 class=\"elementor-heading-title elementor-size-large\"><a href=\"http:\/\/arquidiocesisdepopayan.org\/web\/vocacion-surge-en-la-familia\/\">LA VOCACI\u00d3N SURGE EN LA FAMILIA\u200b<\/a><\/h3>\t\t\t\t<\/div>\n\t\t\t\t<\/div>\n\t\t\t\t<div class=\"elementor-element elementor-element-ef9cbba elementor-widget elementor-widget-text-editor\" data-id=\"ef9cbba\" data-element_type=\"widget\" data-widget_type=\"text-editor.default\">\n\t\t\t\t<div class=\"elementor-widget-container\">\n\t\t\t\t\t\t\t\t\t<p><span style=\"color: #ffffff;\">El llamado m\u00e1s importante que se nos hace a los cat\u00f3licos es el llamado a la santidad. Una santidad que debe ser cultivada al interior de cada familia, cultivada con amor.<\/span><\/p>\t\t\t\t\t\t\t\t<\/div>\n\t\t\t\t<\/div>\n\t\t\t\t\t<\/div>\n\t\t<\/div>\n\t\t\t\t<div class=\"elementor-column elementor-col-33 elementor-top-column elementor-element elementor-element-6a9e4910\" data-id=\"6a9e4910\" data-element_type=\"column\" data-settings=\"{&quot;background_background&quot;:&quot;classic&quot;}\">\n\t\t\t<div class=\"elementor-widget-wrap elementor-element-populated\">\n\t\t\t\t\t\t<div class=\"elementor-element elementor-element-505ddcb2 elementor-widget elementor-widget-image\" data-id=\"505ddcb2\" data-element_type=\"widget\" data-widget_type=\"image.default\">\n\t\t\t\t<div class=\"elementor-widget-container\">\n\t\t\t\t\t\t\t\t\t\t\t\t\t\t\t\t<a href=\"http:\/\/arquidiocesisdepopayan.org\/web\/vocacion-al-matrimonio\/\">\n\t\t\t\t\t\t\t<img loading=\"lazy\" decoding=\"async\" width=\"1920\" height=\"1280\" src=\"https:\/\/arquidiocesisdepopayan.org\/web\/wp-content\/uploads\/2021\/01\/novios3.jpg\" class=\"attachment-full size-full wp-image-7967\" alt=\"\" srcset=\"https:\/\/arquidiocesisdepopayan.org\/web\/wp-content\/uploads\/2021\/01\/novios3.jpg 1920w, https:\/\/arquidiocesisdepopayan.org\/web\/wp-content\/uploads\/2021\/01\/novios3-300x200.jpg 300w, https:\/\/arquidiocesisdepopayan.org\/web\/wp-content\/uploads\/2021\/01\/novios3-1024x683.jpg 1024w, https:\/\/arquidiocesisdepopayan.org\/web\/wp-content\/uploads\/2021\/01\/novios3-768x512.jpg 768w, https:\/\/arquidiocesisdepopayan.org\/web\/wp-content\/uploads\/2021\/01\/novios3-1536x1024.jpg 1536w, https:\/\/arquidiocesisdepopayan.org\/web\/wp-content\/uploads\/2021\/01\/novios3-700x467.jpg 700w\" sizes=\"(max-width: 1920px) 100vw, 1920px\" \/>\t\t\t\t\t\t\t\t<\/a>\n\t\t\t\t\t\t\t\t\t\t\t\t\t\t\t<\/div>\n\t\t\t\t<\/div>\n\t\t\t\t<div class=\"elementor-element elementor-element-7dba921 elementor-widget elementor-widget-heading\" data-id=\"7dba921\" data-element_type=\"widget\" data-widget_type=\"heading.default\">\n\t\t\t\t<div class=\"elementor-widget-container\">\n\t\t\t\t\t<h3 class=\"elementor-heading-title elementor-size-large\"><a href=\"http:\/\/arquidiocesisdepopayan.org\/web\/vocacion-al-matrimonio\/\">LA VOCACI\u00d3N AL MATRIMONIO<\/a><\/h3>\t\t\t\t<\/div>\n\t\t\t\t<\/div>\n\t\t\t\t<div class=\"elementor-element elementor-element-38aa0708 elementor-widget elementor-widget-text-editor\" data-id=\"38aa0708\" data-element_type=\"widget\" data-widget_type=\"text-editor.default\">\n\t\t\t\t<div class=\"elementor-widget-container\">\n\t\t\t\t\t\t\t\t\t<p><span style=\"color: #ffffff;\">\u201cNo insistas m\u00e1s en que te deje, alej\u00e1ndome de ti; donde tu vayas ir\u00e9 yo; donde tu vivas, vivir\u00e9 yo; tu pueblo ser\u00e1 mi pueblo. Y tu Dios ser\u00e1 mi Dios; donde tu mueras, yo morir\u00e9, y all\u00ed quiero ser enterrada. Que Dios me castigue si algo, fuera de la muerte, me separe de ti\u201d<\/span><\/p><p><span style=\"color: #ffffff;\">\u00a0 \u00a0 \u00a0 \u00a0 \u00a0 \u00a0 \u00a0 \u00a0 \u00a0 \u00a0 \u00a0 \u00a0Rut 1, 16 &#8211; 17<\/span><\/p>\t\t\t\t\t\t\t\t<\/div>\n\t\t\t\t<\/div>\n\t\t\t\t\t<\/div>\n\t\t<\/div>\n\t\t\t\t\t<\/div>\n\t\t<\/section>\n\t\t\t\t<section class=\"elementor-section elementor-top-section elementor-element elementor-element-5470182 elementor-section-full_width elementor-section-height-default elementor-section-height-default\" data-id=\"5470182\" data-element_type=\"section\">\n\t\t\t\t\t\t<div class=\"elementor-container elementor-column-gap-no\">\n\t\t\t\t\t<div class=\"elementor-column elementor-col-50 elementor-top-column elementor-element elementor-element-2101fbd\" data-id=\"2101fbd\" data-element_type=\"column\" data-settings=\"{&quot;background_background&quot;:&quot;classic&quot;}\">\n\t\t\t<div class=\"elementor-widget-wrap elementor-element-populated\">\n\t\t\t\t\t\t<div class=\"elementor-element elementor-element-cddd9d7 elementor-widget elementor-widget-image\" data-id=\"cddd9d7\" data-element_type=\"widget\" data-widget_type=\"image.default\">\n\t\t\t\t<div class=\"elementor-widget-container\">\n\t\t\t\t\t\t\t\t\t\t\t\t\t\t\t\t<a href=\"https:\/\/arquidiocesisdepopayan.org\/web\/el-noviazgo\/\">\n\t\t\t\t\t\t\t<img loading=\"lazy\" decoding=\"async\" width=\"1920\" height=\"1280\" src=\"https:\/\/arquidiocesisdepopayan.org\/web\/wp-content\/uploads\/2021\/01\/couple-3157067_1920.jpg\" class=\"attachment-full size-full wp-image-8083\" alt=\"\" srcset=\"https:\/\/arquidiocesisdepopayan.org\/web\/wp-content\/uploads\/2021\/01\/couple-3157067_1920.jpg 1920w, https:\/\/arquidiocesisdepopayan.org\/web\/wp-content\/uploads\/2021\/01\/couple-3157067_1920-300x200.jpg 300w, https:\/\/arquidiocesisdepopayan.org\/web\/wp-content\/uploads\/2021\/01\/couple-3157067_1920-1024x683.jpg 1024w, https:\/\/arquidiocesisdepopayan.org\/web\/wp-content\/uploads\/2021\/01\/couple-3157067_1920-768x512.jpg 768w, https:\/\/arquidiocesisdepopayan.org\/web\/wp-content\/uploads\/2021\/01\/couple-3157067_1920-1536x1024.jpg 1536w, https:\/\/arquidiocesisdepopayan.org\/web\/wp-content\/uploads\/2021\/01\/couple-3157067_1920-700x467.jpg 700w\" sizes=\"(max-width: 1920px) 100vw, 1920px\" \/>\t\t\t\t\t\t\t\t<\/a>\n\t\t\t\t\t\t\t\t\t\t\t\t\t\t\t<\/div>\n\t\t\t\t<\/div>\n\t\t\t\t<div class=\"elementor-element elementor-element-76b6813 elementor-widget elementor-widget-heading\" data-id=\"76b6813\" data-element_type=\"widget\" data-widget_type=\"heading.default\">\n\t\t\t\t<div class=\"elementor-widget-container\">\n\t\t\t\t\t<h3 class=\"elementor-heading-title elementor-size-large\"><a href=\"https:\/\/arquidiocesisdepopayan.org\/web\/el-noviazgo\/\">EL NOVIAZGO<\/a><\/h3>\t\t\t\t<\/div>\n\t\t\t\t<\/div>\n\t\t\t\t<div class=\"elementor-element elementor-element-12e77f5 elementor-widget elementor-widget-text-editor\" data-id=\"12e77f5\" data-element_type=\"widget\" data-widget_type=\"text-editor.default\">\n\t\t\t\t<div class=\"elementor-widget-container\">\n\t\t\t\t\t\t\t\t\t<p><span style=\"color: #ffffff;\">&#8220;As\u00ed\u00a0\u00a0 que\u00a0\u00a0 Jacob\u00a0\u00a0 trabaj\u00f3\u00a0\u00a0 siete\u00a0\u00a0 a\u00f1os para\u00a0\u00a0 poder\u00a0\u00a0 casarse con\u00a0\u00a0 Raquel,\u00a0\u00a0 pero como\u00a0\u00a0 estaba\u00a0\u00a0 muy\u00a0\u00a0\u00a0 enamorado\u00a0\u00a0 de\u00a0\u00a0 ella\u00a0\u00a0 le\u00a0\u00a0 pareci\u00f3\u00a0\u00a0 poco tiempo&#8221;<\/span><\/p>\t\t\t\t\t\t\t\t<\/div>\n\t\t\t\t<\/div>\n\t\t\t\t\t<\/div>\n\t\t<\/div>\n\t\t\t\t<div class=\"elementor-column elementor-col-50 elementor-top-column elementor-element elementor-element-7ba49e3\" data-id=\"7ba49e3\" data-element_type=\"column\" data-settings=\"{&quot;background_background&quot;:&quot;classic&quot;}\">\n\t\t\t<div class=\"elementor-widget-wrap elementor-element-populated\">\n\t\t\t\t\t\t<div class=\"elementor-element elementor-element-78175e2 elementor-widget elementor-widget-image\" data-id=\"78175e2\" data-element_type=\"widget\" data-widget_type=\"image.default\">\n\t\t\t\t<div class=\"elementor-widget-container\">\n\t\t\t\t\t\t\t\t\t\t\t\t\t\t\t\t<a href=\"http:\/\/arquidiocesisdepopayan.org\/web\/?page_id=8155\">\n\t\t\t\t\t\t\t<img loading=\"lazy\" decoding=\"async\" width=\"1920\" height=\"1280\" src=\"https:\/\/arquidiocesisdepopayan.org\/web\/wp-content\/uploads\/2021\/01\/novios4.jpg\" class=\"attachment-full size-full wp-image-7968\" alt=\"\" srcset=\"https:\/\/arquidiocesisdepopayan.org\/web\/wp-content\/uploads\/2021\/01\/novios4.jpg 1920w, https:\/\/arquidiocesisdepopayan.org\/web\/wp-content\/uploads\/2021\/01\/novios4-300x200.jpg 300w, https:\/\/arquidiocesisdepopayan.org\/web\/wp-content\/uploads\/2021\/01\/novios4-1024x683.jpg 1024w, https:\/\/arquidiocesisdepopayan.org\/web\/wp-content\/uploads\/2021\/01\/novios4-768x512.jpg 768w, https:\/\/arquidiocesisdepopayan.org\/web\/wp-content\/uploads\/2021\/01\/novios4-1536x1024.jpg 1536w, https:\/\/arquidiocesisdepopayan.org\/web\/wp-content\/uploads\/2021\/01\/novios4-700x467.jpg 700w\" sizes=\"(max-width: 1920px) 100vw, 1920px\" \/>\t\t\t\t\t\t\t\t<\/a>\n\t\t\t\t\t\t\t\t\t\t\t\t\t\t\t<\/div>\n\t\t\t\t<\/div>\n\t\t\t\t<div class=\"elementor-element elementor-element-9a8b053 elementor-widget elementor-widget-heading\" data-id=\"9a8b053\" data-element_type=\"widget\" data-widget_type=\"heading.default\">\n\t\t\t\t<div class=\"elementor-widget-container\">\n\t\t\t\t\t<h3 class=\"elementor-heading-title elementor-size-large\"><a href=\"http:\/\/arquidiocesisdepopayan.org\/web\/?page_id=8155\">PREPARACION AL MATRIMONIO<\/a><\/h3>\t\t\t\t<\/div>\n\t\t\t\t<\/div>\n\t\t\t\t<div class=\"elementor-element elementor-element-0ca75bd elementor-widget elementor-widget-text-editor\" data-id=\"0ca75bd\" data-element_type=\"widget\" data-widget_type=\"text-editor.default\">\n\t\t\t\t<div class=\"elementor-widget-container\">\n\t\t\t\t\t\t\t\t\t<p><span style=\"color: #ffffff;\">Estamos llamados a ser luz en nuestros hogares para que su gracia sea irradiada a ni\u00f1os y j\u00f3venes y su voluntad se realice en sus vidas en las diferentes vocaciones a las que han sido llamados desde la eternidad.<\/span><\/p><p><span style=\"color: #ffffff;\">Descubramos juntos y con la ayuda del Esp\u00edritu Santo c\u00f3mo contribuir en la preparaci\u00f3n remota al matrimonio desde nuestras realidades.<\/span><\/p>\t\t\t\t\t\t\t\t<\/div>\n\t\t\t\t<\/div>\n\t\t\t\t\t<\/div>\n\t\t<\/div>\n\t\t\t\t\t<\/div>\n\t\t<\/section>\n\t\t\t\t<\/div>\n\t\t","protected":false},"excerpt":{"rendered":"<p>Recursos pastorales Brindamos diferentes herramientas digitales y apoyos audiovisuales para el desarrollo de diversos temas y actividades que&nbsp; propician espacios de di\u00e1logo que permiten responder preguntas de situaciones cotidianas como lo son: a nivel familiar, social y espiritual. Estas herramientas permiten realizar diferentes trabajos para la evangelizaci\u00f3n en pareja y familia. LA FAMILIA FARO ESPIRITUAL &hellip;<\/p>\n","protected":false},"author":7,"featured_media":0,"parent":7954,"menu_order":0,"comment_status":"closed","ping_status":"closed","template":"","meta":{"_uag_custom_page_level_css":"","footnotes":""},"class_list":["post-8055","page","type-page","status-publish","hentry","no-thumb"],"uagb_featured_image_src":{"full":false,"thumbnail":false,"medium":false,"medium_large":false,"large":false,"1536x1536":false,"2048x2048":false,"post-thumbnail":false,"brotherlylove-thumb-s":false,"brotherlylove-thumb-blog-grid":false,"brotherlylove-thumb-blog-masonry":false,"brotherlylove-thumb-l":false,"brotherlylove-thumb-blog":false,"brotherlylove-thumb-project":false,"brotherlylove-thumb-project-term":false,"awb_sm":false,"awb_md":false,"awb_lg":false,"awb_xl":false,"og-image":false},"uagb_author_info":{"display_name":"Arquidi\u00f3cesis de Popay\u00e1n","author_link":"https:\/\/arquidiocesisdepopayan.org\/web\/author\/arquidp\/"},"uagb_comment_info":0,"uagb_excerpt":"Recursos pastorales Brindamos diferentes herramientas digitales y apoyos audiovisuales para el desarrollo de diversos temas y actividades que&nbsp; propician espacios de di\u00e1logo que permiten responder preguntas de situaciones cotidianas como lo son: a nivel familiar, social y espiritual. Estas herramientas permiten realizar diferentes trabajos para la evangelizaci\u00f3n en pareja y familia. LA FAMILIA FARO ESPIRITUAL&hellip;","_links":{"self":[{"href":"https:\/\/arquidiocesisdepopayan.org\/web\/wp-json\/wp\/v2\/pages\/8055","targetHints":{"allow":["GET"]}}],"collection":[{"href":"https:\/\/arquidiocesisdepopayan.org\/web\/wp-json\/wp\/v2\/pages"}],"about":[{"href":"https:\/\/arquidiocesisdepopayan.org\/web\/wp-json\/wp\/v2\/types\/page"}],"author":[{"embeddable":true,"href":"https:\/\/arquidiocesisdepopayan.org\/web\/wp-json\/wp\/v2\/users\/7"}],"replies":[{"embeddable":true,"href":"https:\/\/arquidiocesisdepopayan.org\/web\/wp-json\/wp\/v2\/comments?post=8055"}],"version-history":[{"count":30,"href":"https:\/\/arquidiocesisdepopayan.org\/web\/wp-json\/wp\/v2\/pages\/8055\/revisions"}],"predecessor-version":[{"id":8168,"href":"https:\/\/arquidiocesisdepopayan.org\/web\/wp-json\/wp\/v2\/pages\/8055\/revisions\/8168"}],"up":[{"embeddable":true,"href":"https:\/\/arquidiocesisdepopayan.org\/web\/wp-json\/wp\/v2\/pages\/7954"}],"wp:attachment":[{"href":"https:\/\/arquidiocesisdepopayan.org\/web\/wp-json\/wp\/v2\/media?parent=8055"}],"curies":[{"name":"wp","href":"https:\/\/api.w.org\/{rel}","templated":true}]}}