{"id":8309,"date":"2021-02-22T23:30:04","date_gmt":"2021-02-23T04:30:04","guid":{"rendered":"https:\/\/arquidiocesisdepopayan.org\/web\/?page_id=8309"},"modified":"2023-05-09T08:48:32","modified_gmt":"2023-05-09T13:48:32","slug":"ano-san-jose-2021","status":"publish","type":"page","link":"https:\/\/arquidiocesisdepopayan.org\/web\/pastorales\/pastoral-familiar\/ano-san-jose-2021\/","title":{"rendered":"A\u00f1o San Jos\u00e9 2021"},"content":{"rendered":"\t\t<div data-elementor-type=\"wp-page\" data-elementor-id=\"8309\" class=\"elementor elementor-8309\" data-elementor-post-type=\"page\">\n\t\t\t\t\t\t<section class=\"elementor-section elementor-top-section elementor-element elementor-element-2608a10 elementor-section-height-min-height elementor-section-content-middle elementor-section-boxed elementor-section-height-default elementor-section-items-middle\" data-id=\"2608a10\" data-element_type=\"section\">\n\t\t\t\t\t\t<div class=\"elementor-container elementor-column-gap-default\">\n\t\t\t\t\t<div class=\"elementor-column elementor-col-100 elementor-top-column elementor-element elementor-element-8cf426c\" data-id=\"8cf426c\" data-element_type=\"column\">\n\t\t\t<div class=\"elementor-widget-wrap\">\n\t\t\t\t\t\t\t<\/div>\n\t\t<\/div>\n\t\t\t\t\t<\/div>\n\t\t<\/section>\n\t\t\t\t<section class=\"elementor-section elementor-top-section elementor-element elementor-element-7492941b elementor-section-height-min-height elementor-section-boxed elementor-section-height-default elementor-section-items-middle\" data-id=\"7492941b\" data-element_type=\"section\" data-settings=\"{&quot;background_background&quot;:&quot;classic&quot;,&quot;shape_divider_bottom&quot;:&quot;arrow&quot;,&quot;shape_divider_bottom_negative&quot;:&quot;yes&quot;}\">\n\t\t\t\t\t\t\t<div class=\"elementor-background-overlay\"><\/div>\n\t\t\t\t\t\t<div class=\"elementor-shape elementor-shape-bottom\" data-negative=\"true\">\n\t\t\t<svg xmlns=\"http:\/\/www.w3.org\/2000\/svg\" viewBox=\"0 0 700 10\" preserveAspectRatio=\"none\">\n\t<path class=\"elementor-shape-fill\" d=\"M360 0L350 9.9 340 0 0 0 0 10 700 10 700 0\"\/>\n<\/svg>\t\t<\/div>\n\t\t\t\t\t<div class=\"elementor-container elementor-column-gap-default\">\n\t\t\t\t\t<div class=\"elementor-column elementor-col-100 elementor-top-column elementor-element elementor-element-45260b64\" data-id=\"45260b64\" data-element_type=\"column\">\n\t\t\t<div class=\"elementor-widget-wrap elementor-element-populated\">\n\t\t\t\t\t\t<div class=\"elementor-element elementor-element-213dd8d elementor-absolute elementor-widget elementor-widget-heading\" data-id=\"213dd8d\" data-element_type=\"widget\" data-settings=\"{&quot;_position&quot;:&quot;absolute&quot;}\" data-widget_type=\"heading.default\">\n\t\t\t\t<div class=\"elementor-widget-container\">\n\t\t\t\t\t<h2 class=\"elementor-heading-title elementor-size-default\">A\u00f1o de San Jos\u00e9 2021<\/h2>\t\t\t\t<\/div>\n\t\t\t\t<\/div>\n\t\t\t\t\t<\/div>\n\t\t<\/div>\n\t\t\t\t\t<\/div>\n\t\t<\/section>\n\t\t\t\t<section class=\"elementor-section elementor-top-section elementor-element elementor-element-34635f02 elementor-section-content-middle elementor-reverse-mobile elementor-section-full_width elementor-section-height-default elementor-section-height-default\" data-id=\"34635f02\" data-element_type=\"section\">\n\t\t\t\t\t\t<div class=\"elementor-container elementor-column-gap-default\">\n\t\t\t\t\t<div class=\"elementor-column elementor-col-50 elementor-top-column elementor-element elementor-element-1be1045f\" data-id=\"1be1045f\" data-element_type=\"column\">\n\t\t\t<div class=\"elementor-widget-wrap elementor-element-populated\">\n\t\t\t\t\t\t<div class=\"elementor-element elementor-element-2e3c29a elementor-widget elementor-widget-heading\" data-id=\"2e3c29a\" data-element_type=\"widget\" data-widget_type=\"heading.default\">\n\t\t\t\t<div class=\"elementor-widget-container\">\n\t\t\t\t\t<h3 class=\"elementor-heading-title elementor-size-default\">SAN JOS\u00c9 Y LOS DOCUMENTOS PONTIFICIOS<\/h3>\t\t\t\t<\/div>\n\t\t\t\t<\/div>\n\t\t\t\t<div class=\"elementor-element elementor-element-795ac10a elementor-widget elementor-widget-text-editor\" data-id=\"795ac10a\" data-element_type=\"widget\" data-widget_type=\"text-editor.default\">\n\t\t\t\t<div class=\"elementor-widget-container\">\n\t\t\t\t\t\t\t\t\t<p>El Papa San Juan XXIII en su Carta Apost\u00f3lica <em>\u201cLe Voci\u201d, <\/em>sobre el fomento de la devoci\u00f3n a San Jos\u00e9, publicada el 19 de marzo de 1961, hace una s\u00edntesis de los documentos pontificios escritos a partir del Concilio Vaticano I (1869-1870), y que precisamente inician con la declaraci\u00f3n de San Jos\u00e9 como <em>Patrono de la Iglesia Cat\u00f3lica<\/em> por el beato P\u00edo IX el 8 de diciembre de 1870.<\/p><p>Tambi\u00e9n hace alusi\u00f3n a la Carta Enc\u00edclica del Papa Le\u00f3n XIII \u201c<em>Quamquam Pluries<\/em>\u201d, sobre la devoci\u00f3n a San Jos\u00e9, escrito en el a\u00f1o 1889, que dice es <em>\u201cel m\u00e1s amplio y extenso que un Papa haya publicado nunca en honor del padre putativo de Jes\u00fas, ensalzado con su luz caracter\u00edstica de modelo de padres de familia y de trabajadores. De aqu\u00ed arranca la hermosa oraci\u00f3n: \u00abA ti, Bienaventurado San Jos\u00e9\u00bb, qu\u00e9 impregn\u00f3 de tanta dulzura nuestra ni\u00f1ez.\u201d<\/em><\/p><p>Posterior a 1961, se destaca la Exhortaci\u00f3n Apost\u00f3lica <em>\u201cRedemptoris Custos\u201d,<\/em> Sobre la figura y la misi\u00f3n de San Jos\u00e9 en la vida de Cristo y de la Iglesia, documento pontificio escrito por San Juan Pablo II en el a\u00f1o 1989.<\/p><p>Finalmente, el 8 de diciembre de 2020, con motivo de los ciento cincuenta a\u00f1os de la declaraci\u00f3n de San Jos\u00e9 como Patrono de la Iglesia Cat\u00f3lica, el Papa Francisco public\u00f3 la Carta Apost\u00f3lica <em>\u201cPatris Corde\u201d. <\/em>Como dice el Papa al final su Carta: <em>\u201cEl objetivo de esta Carta apost\u00f3lica es que crezca el amor a este gran santo, para ser impulsados a implorar su intercesi\u00f3n e imitar sus virtudes, como tambi\u00e9n su resoluci\u00f3n.\u201d<\/em><\/p>\t\t\t\t\t\t\t\t<\/div>\n\t\t\t\t<\/div>\n\t\t\t\t\t<\/div>\n\t\t<\/div>\n\t\t\t\t<div class=\"elementor-column elementor-col-50 elementor-top-column elementor-element elementor-element-48d79bf5\" data-id=\"48d79bf5\" data-element_type=\"column\">\n\t\t\t<div class=\"elementor-widget-wrap elementor-element-populated\">\n\t\t\t\t\t\t<div class=\"elementor-element elementor-element-63be8b4 elementor-widget elementor-widget-image\" data-id=\"63be8b4\" data-element_type=\"widget\" loading=\"lazy\" data-widget_type=\"image.default\">\n\t\t\t\t<div class=\"elementor-widget-container\">\n\t\t\t\t\t\t\t\t\t\t\t\t\t\t\t<img fetchpriority=\"high\" decoding=\"async\" width=\"414\" height=\"640\" src=\"https:\/\/arquidiocesisdepopayan.org\/web\/wp-content\/uploads\/2021\/02\/sao-jose-5886431_640-1.jpg\" class=\"attachment-full size-full wp-image-8315\" alt=\"\" srcset=\"https:\/\/arquidiocesisdepopayan.org\/web\/wp-content\/uploads\/2021\/02\/sao-jose-5886431_640-1.jpg 414w, https:\/\/arquidiocesisdepopayan.org\/web\/wp-content\/uploads\/2021\/02\/sao-jose-5886431_640-1-194x300.jpg 194w\" sizes=\"(max-width: 414px) 100vw, 414px\" \/>\t\t\t\t\t\t\t\t\t\t\t\t\t\t\t<\/div>\n\t\t\t\t<\/div>\n\t\t\t\t\t<\/div>\n\t\t<\/div>\n\t\t\t\t\t<\/div>\n\t\t<\/section>\n\t\t\t\t<section class=\"elementor-section elementor-top-section elementor-element elementor-element-2ead4004 elementor-section-content-middle elementor-section-boxed elementor-section-height-default elementor-section-height-default\" data-id=\"2ead4004\" data-element_type=\"section\">\n\t\t\t\t\t\t<div class=\"elementor-container elementor-column-gap-default\">\n\t\t\t\t\t<div class=\"elementor-column elementor-col-50 elementor-top-column elementor-element elementor-element-4a14d1f7\" data-id=\"4a14d1f7\" data-element_type=\"column\">\n\t\t\t<div class=\"elementor-widget-wrap elementor-element-populated\">\n\t\t\t\t\t\t<div class=\"elementor-element elementor-element-1f8560f9 elementor-widget elementor-widget-image\" data-id=\"1f8560f9\" data-element_type=\"widget\" loading=\"lazy\" data-widget_type=\"image.default\">\n\t\t\t\t<div class=\"elementor-widget-container\">\n\t\t\t\t\t\t\t\t\t\t\t\t\t\t\t\t<a href=\"https:\/\/arquidiocesisdepopayan.org\/web\/carta-apostolica-le-voci\/\">\n\t\t\t\t\t\t\t<img decoding=\"async\" width=\"541\" height=\"676\" src=\"https:\/\/arquidiocesisdepopayan.org\/web\/wp-content\/uploads\/2021\/02\/sanjose6.jpeg\" class=\"attachment-large size-large wp-image-8333\" alt=\"\" srcset=\"https:\/\/arquidiocesisdepopayan.org\/web\/wp-content\/uploads\/2021\/02\/sanjose6.jpeg 541w, https:\/\/arquidiocesisdepopayan.org\/web\/wp-content\/uploads\/2021\/02\/sanjose6-240x300.jpeg 240w\" sizes=\"(max-width: 541px) 100vw, 541px\" \/>\t\t\t\t\t\t\t\t<\/a>\n\t\t\t\t\t\t\t\t\t\t\t\t\t\t\t<\/div>\n\t\t\t\t<\/div>\n\t\t\t\t\t<\/div>\n\t\t<\/div>\n\t\t\t\t<div class=\"elementor-column elementor-col-50 elementor-top-column elementor-element elementor-element-6f8fe2c4\" data-id=\"6f8fe2c4\" data-element_type=\"column\">\n\t\t\t<div class=\"elementor-widget-wrap elementor-element-populated\">\n\t\t\t\t\t\t<div class=\"elementor-element elementor-element-81c09e6 elementor-widget elementor-widget-heading\" data-id=\"81c09e6\" data-element_type=\"widget\" data-widget_type=\"heading.default\">\n\t\t\t\t<div class=\"elementor-widget-container\">\n\t\t\t\t\t<h3 class=\"elementor-heading-title elementor-size-default\"><a href=\"https:\/\/arquidiocesisdepopayan.org\/web\/carta-apostolica-le-voci\/\">Carta Apost\u00f3lica \u201cLe Voci\u201d<\/a><\/h3>\t\t\t\t<\/div>\n\t\t\t\t<\/div>\n\t\t\t\t<div class=\"elementor-element elementor-element-2d653bdd elementor-widget elementor-widget-text-editor\" data-id=\"2d653bdd\" data-element_type=\"widget\" data-widget_type=\"text-editor.default\">\n\t\t\t\t<div class=\"elementor-widget-container\">\n\t\t\t\t\t\t\t\t\t<p>En este documento, el Papa San Juan XXIII declara que la fiesta tradicional del 19 de marzo marcar\u00e1 a partir de ese a\u00f1o (1961) la fecha m\u00e1s solemne y definitiva del Patrocinio de San Jos\u00e9 sobre la Iglesia universal. Y tambi\u00e9n lo invoca y venera como protector del Concilio Ecum\u00e9nico Vaticano II.\u00a0\u00a0<\/p>\t\t\t\t\t\t\t\t<\/div>\n\t\t\t\t<\/div>\n\t\t\t\t<div class=\"elementor-element elementor-element-e0bb4ac elementor-button-warning elementor-align-center elementor-widget elementor-widget-button\" data-id=\"e0bb4ac\" data-element_type=\"widget\" data-widget_type=\"button.default\">\n\t\t\t\t<div class=\"elementor-widget-container\">\n\t\t\t\t\t\t\t\t\t<div class=\"elementor-button-wrapper\">\n\t\t\t\t\t<a class=\"elementor-button elementor-button-link elementor-size-sm\" href=\"https:\/\/arquidiocesisdepopayan.org\/web\/carta-apostolica-le-voci\/\">\n\t\t\t\t\t\t<span class=\"elementor-button-content-wrapper\">\n\t\t\t\t\t\t<span class=\"elementor-button-icon\">\n\t\t\t\t<i aria-hidden=\"true\" class=\"fas fa-bible\"><\/i>\t\t\t<\/span>\n\t\t\t\t\t\t\t\t\t<span class=\"elementor-button-text\">Carta Apost\u00f3lica \"Le Voci\"<\/span>\n\t\t\t\t\t<\/span>\n\t\t\t\t\t<\/a>\n\t\t\t\t<\/div>\n\t\t\t\t\t\t\t\t<\/div>\n\t\t\t\t<\/div>\n\t\t\t\t\t<\/div>\n\t\t<\/div>\n\t\t\t\t\t<\/div>\n\t\t<\/section>\n\t\t\t\t<section class=\"elementor-section elementor-top-section elementor-element elementor-element-6ad6706b elementor-section-content-middle elementor-reverse-mobile elementor-section-boxed elementor-section-height-default elementor-section-height-default\" data-id=\"6ad6706b\" data-element_type=\"section\">\n\t\t\t\t\t\t<div class=\"elementor-container elementor-column-gap-default\">\n\t\t\t\t\t<div class=\"elementor-column elementor-col-50 elementor-top-column elementor-element elementor-element-5eff4c99\" data-id=\"5eff4c99\" data-element_type=\"column\">\n\t\t\t<div class=\"elementor-widget-wrap elementor-element-populated\">\n\t\t\t\t\t\t<div class=\"elementor-element elementor-element-786ab8d6 elementor-widget elementor-widget-heading\" data-id=\"786ab8d6\" data-element_type=\"widget\" data-widget_type=\"heading.default\">\n\t\t\t\t<div class=\"elementor-widget-container\">\n\t\t\t\t\t<h3 class=\"elementor-heading-title elementor-size-default\"><a href=\"https:\/\/arquidiocesisdepopayan.org\/web\/carta-enciclica-quamquam-pluries\/\">Carta Enc\u00edclica \u201cQuamquam Pluries\u201d<\/a><\/h3>\t\t\t\t<\/div>\n\t\t\t\t<\/div>\n\t\t\t\t<div class=\"elementor-element elementor-element-175448e2 elementor-widget elementor-widget-text-editor\" data-id=\"175448e2\" data-element_type=\"widget\" data-widget_type=\"text-editor.default\">\n\t\t\t\t<div class=\"elementor-widget-container\">\n\t\t\t\t\t\t\t\t\t<p>El Papa Le\u00f3n XIII, entre otras virtudes de San Jos\u00e9 destaca: \u201c\u00c9l se dedic\u00f3 con gran amor y diaria solicitud a proteger a su esposa y al Divino Ni\u00f1o; regularmente por medio de su trabajo consigui\u00f3 lo que era necesario para la alimentaci\u00f3n y el vestido de ambos; cuid\u00f3 al Ni\u00f1o de la muerte cuando era amenazado por los celos de un monarca, y le encontr\u00f3 un refugio; en las miserias del viaje y en la amargura del exilio fue siempre la compa\u00f1\u00eda, la ayuda y el apoyo de la Virgen y de Jes\u00fas.<\/p>\t\t\t\t\t\t\t\t<\/div>\n\t\t\t\t<\/div>\n\t\t\t\t<div class=\"elementor-element elementor-element-95040d7 elementor-button-warning elementor-align-center elementor-widget elementor-widget-button\" data-id=\"95040d7\" data-element_type=\"widget\" data-widget_type=\"button.default\">\n\t\t\t\t<div class=\"elementor-widget-container\">\n\t\t\t\t\t\t\t\t\t<div class=\"elementor-button-wrapper\">\n\t\t\t\t\t<a class=\"elementor-button elementor-button-link elementor-size-sm\" href=\"https:\/\/arquidiocesisdepopayan.org\/web\/carta-enciclica-quamquam-pluries\/\">\n\t\t\t\t\t\t<span class=\"elementor-button-content-wrapper\">\n\t\t\t\t\t\t<span class=\"elementor-button-icon\">\n\t\t\t\t<i aria-hidden=\"true\" class=\"fas fa-bible\"><\/i>\t\t\t<\/span>\n\t\t\t\t\t\t\t\t\t<span class=\"elementor-button-text\">Carta Enc\u00edclica \u201cQuamquam Pluries\u201d<\/span>\n\t\t\t\t\t<\/span>\n\t\t\t\t\t<\/a>\n\t\t\t\t<\/div>\n\t\t\t\t\t\t\t\t<\/div>\n\t\t\t\t<\/div>\n\t\t\t\t\t<\/div>\n\t\t<\/div>\n\t\t\t\t<div class=\"elementor-column elementor-col-50 elementor-top-column elementor-element elementor-element-7ebf4747\" data-id=\"7ebf4747\" data-element_type=\"column\">\n\t\t\t<div class=\"elementor-widget-wrap elementor-element-populated\">\n\t\t\t\t\t\t<div class=\"elementor-element elementor-element-4716b048 elementor-widget elementor-widget-image\" data-id=\"4716b048\" data-element_type=\"widget\" loading=\"lazy\" data-widget_type=\"image.default\">\n\t\t\t\t<div class=\"elementor-widget-container\">\n\t\t\t\t\t\t\t\t\t\t\t\t\t\t\t\t<a href=\"https:\/\/arquidiocesisdepopayan.org\/web\/carta-enciclica-quamquam-pluries\/\">\n\t\t\t\t\t\t\t<img decoding=\"async\" width=\"710\" height=\"730\" src=\"https:\/\/arquidiocesisdepopayan.org\/web\/wp-content\/uploads\/2021\/02\/sanjose5-996x1024.jpeg\" class=\"attachment-large size-large wp-image-8332\" alt=\"\" srcset=\"https:\/\/arquidiocesisdepopayan.org\/web\/wp-content\/uploads\/2021\/02\/sanjose5-996x1024.jpeg 996w, https:\/\/arquidiocesisdepopayan.org\/web\/wp-content\/uploads\/2021\/02\/sanjose5-292x300.jpeg 292w, https:\/\/arquidiocesisdepopayan.org\/web\/wp-content\/uploads\/2021\/02\/sanjose5-768x789.jpeg 768w, https:\/\/arquidiocesisdepopayan.org\/web\/wp-content\/uploads\/2021\/02\/sanjose5-700x719.jpeg 700w, https:\/\/arquidiocesisdepopayan.org\/web\/wp-content\/uploads\/2021\/02\/sanjose5.jpeg 1155w\" sizes=\"(max-width: 710px) 100vw, 710px\" \/>\t\t\t\t\t\t\t\t<\/a>\n\t\t\t\t\t\t\t\t\t\t\t\t\t\t\t<\/div>\n\t\t\t\t<\/div>\n\t\t\t\t\t<\/div>\n\t\t<\/div>\n\t\t\t\t\t<\/div>\n\t\t<\/section>\n\t\t\t\t<section class=\"elementor-section elementor-top-section elementor-element elementor-element-edcf4d7 elementor-section-content-middle elementor-section-boxed elementor-section-height-default elementor-section-height-default\" data-id=\"edcf4d7\" data-element_type=\"section\">\n\t\t\t\t\t\t<div class=\"elementor-container elementor-column-gap-default\">\n\t\t\t\t\t<div class=\"elementor-column elementor-col-50 elementor-top-column elementor-element elementor-element-b0418df\" data-id=\"b0418df\" data-element_type=\"column\">\n\t\t\t<div class=\"elementor-widget-wrap elementor-element-populated\">\n\t\t\t\t\t\t<div class=\"elementor-element elementor-element-47edc23 elementor-widget elementor-widget-image\" data-id=\"47edc23\" data-element_type=\"widget\" loading=\"lazy\" data-widget_type=\"image.default\">\n\t\t\t\t<div class=\"elementor-widget-container\">\n\t\t\t\t\t\t\t\t\t\t\t\t\t\t\t<img loading=\"lazy\" decoding=\"async\" width=\"640\" height=\"426\" src=\"https:\/\/arquidiocesisdepopayan.org\/web\/wp-content\/uploads\/2021\/02\/saint-joseph-4193226_640-1.jpg\" class=\"attachment-large size-large wp-image-8318\" alt=\"\" srcset=\"https:\/\/arquidiocesisdepopayan.org\/web\/wp-content\/uploads\/2021\/02\/saint-joseph-4193226_640-1.jpg 640w, https:\/\/arquidiocesisdepopayan.org\/web\/wp-content\/uploads\/2021\/02\/saint-joseph-4193226_640-1-300x200.jpg 300w\" sizes=\"(max-width: 640px) 100vw, 640px\" \/>\t\t\t\t\t\t\t\t\t\t\t\t\t\t\t<\/div>\n\t\t\t\t<\/div>\n\t\t\t\t\t<\/div>\n\t\t<\/div>\n\t\t\t\t<div class=\"elementor-column elementor-col-50 elementor-top-column elementor-element elementor-element-f330520\" data-id=\"f330520\" data-element_type=\"column\">\n\t\t\t<div class=\"elementor-widget-wrap elementor-element-populated\">\n\t\t\t\t\t\t<div class=\"elementor-element elementor-element-76fb918 elementor-widget elementor-widget-heading\" data-id=\"76fb918\" data-element_type=\"widget\" data-widget_type=\"heading.default\">\n\t\t\t\t<div class=\"elementor-widget-container\">\n\t\t\t\t\t<h3 class=\"elementor-heading-title elementor-size-default\">Exhortaci\u00f3n Apost\u00f3lica \u201cRedemptoris Custos\u201d<\/h3>\t\t\t\t<\/div>\n\t\t\t\t<\/div>\n\t\t\t\t<div class=\"elementor-element elementor-element-71e3d3e elementor-widget elementor-widget-text-editor\" data-id=\"71e3d3e\" data-element_type=\"widget\" data-widget_type=\"text-editor.default\">\n\t\t\t\t<div class=\"elementor-widget-container\">\n\t\t\t\t\t\t\t\t\t<p>El Papa San Juan Pablo II destaca tambi\u00e9n varias virtudes de San Jos\u00e9, que se pueden resumir as\u00ed: \u201cEs modelo de todo cristiano en su disponibilidad absoluta al servicio de Dios, su obediencia y fidelidad. Es patrono de esposos, padres de familia, trabajadores, contemplativos y ap\u00f3stoles, de toda la Iglesia universal. Aprendamos de \u00e9l la oraci\u00f3n y el servicio a la misi\u00f3n salv\u00edfica de Cristo. Jos\u00e9 nos indica el camino de la Alianza a las puertas del tercer milenio\u201d. (https:\/\/es.catholic.net)<\/p>\t\t\t\t\t\t\t\t<\/div>\n\t\t\t\t<\/div>\n\t\t\t\t\t<\/div>\n\t\t<\/div>\n\t\t\t\t\t<\/div>\n\t\t<\/section>\n\t\t\t\t<section class=\"elementor-section elementor-top-section elementor-element elementor-element-d258ef7 elementor-section-content-middle elementor-reverse-mobile elementor-section-boxed elementor-section-height-default elementor-section-height-default\" data-id=\"d258ef7\" data-element_type=\"section\">\n\t\t\t\t\t\t<div class=\"elementor-container elementor-column-gap-default\">\n\t\t\t\t\t<div class=\"elementor-column elementor-col-50 elementor-top-column elementor-element elementor-element-ffb4d14\" data-id=\"ffb4d14\" data-element_type=\"column\">\n\t\t\t<div class=\"elementor-widget-wrap elementor-element-populated\">\n\t\t\t\t\t\t<div class=\"elementor-element elementor-element-2a198e0 elementor-widget elementor-widget-heading\" data-id=\"2a198e0\" data-element_type=\"widget\" data-widget_type=\"heading.default\">\n\t\t\t\t<div class=\"elementor-widget-container\">\n\t\t\t\t\t<h3 class=\"elementor-heading-title elementor-size-default\">Carta Apost\u00f3lica \u201cPatris Corde\u201d<\/h3>\t\t\t\t<\/div>\n\t\t\t\t<\/div>\n\t\t\t\t<div class=\"elementor-element elementor-element-5443610 elementor-widget elementor-widget-text-editor\" data-id=\"5443610\" data-element_type=\"widget\" data-widget_type=\"text-editor.default\">\n\t\t\t\t<div class=\"elementor-widget-container\">\n\t\t\t\t\t\t\t\t\t<p>Un padre amado, un padre en la ternura, en la obediencia y en la acogida; un padre de valent\u00eda creativa, un trabajador, siempre en la sombra: con estas palabras el Papa Francisco describe a san Jos\u00e9 de una manera tierna y conmovedora. Muchas personas hoy viven como san Jos\u00e9, &#8220;el hombre que pasa desapercibido, el hombre de la presencia diaria, discreta y oculta&#8221;. Y, sin embargo, el suyo es &#8220;un protagonismo sin igual en la historia de la salvaci\u00f3n&#8221;.<\/p>\t\t\t\t\t\t\t\t<\/div>\n\t\t\t\t<\/div>\n\t\t\t\t\t<\/div>\n\t\t<\/div>\n\t\t\t\t<div class=\"elementor-column elementor-col-50 elementor-top-column elementor-element elementor-element-cc4b036\" data-id=\"cc4b036\" data-element_type=\"column\">\n\t\t\t<div class=\"elementor-widget-wrap elementor-element-populated\">\n\t\t\t\t\t\t<div class=\"elementor-element elementor-element-7fe09dc elementor-widget elementor-widget-image\" data-id=\"7fe09dc\" data-element_type=\"widget\" loading=\"lazy\" data-widget_type=\"image.default\">\n\t\t\t\t<div class=\"elementor-widget-container\">\n\t\t\t\t\t\t\t\t\t\t\t\t\t\t\t<img loading=\"lazy\" decoding=\"async\" width=\"640\" height=\"427\" src=\"https:\/\/arquidiocesisdepopayan.org\/web\/wp-content\/uploads\/2021\/02\/cross-5776998_640-1.jpg\" class=\"attachment-large size-large wp-image-8323\" alt=\"\" srcset=\"https:\/\/arquidiocesisdepopayan.org\/web\/wp-content\/uploads\/2021\/02\/cross-5776998_640-1.jpg 640w, https:\/\/arquidiocesisdepopayan.org\/web\/wp-content\/uploads\/2021\/02\/cross-5776998_640-1-300x200.jpg 300w\" sizes=\"(max-width: 640px) 100vw, 640px\" \/>\t\t\t\t\t\t\t\t\t\t\t\t\t\t\t<\/div>\n\t\t\t\t<\/div>\n\t\t\t\t\t<\/div>\n\t\t<\/div>\n\t\t\t\t\t<\/div>\n\t\t<\/section>\n\t\t\t\t<section class=\"elementor-section elementor-top-section elementor-element elementor-element-50b65e54 elementor-section-boxed elementor-section-height-default elementor-section-height-default\" data-id=\"50b65e54\" data-element_type=\"section\" data-settings=\"{&quot;background_background&quot;:&quot;gradient&quot;,&quot;shape_divider_bottom&quot;:&quot;arrow&quot;,&quot;shape_divider_bottom_negative&quot;:&quot;yes&quot;}\">\n\t\t\t\t\t<div class=\"elementor-shape elementor-shape-bottom\" data-negative=\"true\">\n\t\t\t<svg xmlns=\"http:\/\/www.w3.org\/2000\/svg\" viewBox=\"0 0 700 10\" preserveAspectRatio=\"none\">\n\t<path class=\"elementor-shape-fill\" d=\"M360 0L350 9.9 340 0 0 0 0 10 700 10 700 0\"\/>\n<\/svg>\t\t<\/div>\n\t\t\t\t\t<div class=\"elementor-container elementor-column-gap-default\">\n\t\t\t\t\t<div class=\"elementor-column elementor-col-100 elementor-top-column elementor-element elementor-element-31bda670\" data-id=\"31bda670\" data-element_type=\"column\">\n\t\t\t<div class=\"elementor-widget-wrap elementor-element-populated\">\n\t\t\t\t\t\t<div class=\"elementor-element elementor-element-300831dd elementor-widget elementor-widget-heading\" data-id=\"300831dd\" data-element_type=\"widget\" data-widget_type=\"heading.default\">\n\t\t\t\t<div class=\"elementor-widget-container\">\n\t\t\t\t\t<h3 class=\"elementor-heading-title elementor-size-default\">Papa convoca el A\u00f1o San Jos\u00e9<\/h3>\t\t\t\t<\/div>\n\t\t\t\t<\/div>\n\t\t\t\t<div class=\"elementor-element elementor-element-1e7ee0cb elementor-widget elementor-widget-video\" data-id=\"1e7ee0cb\" data-element_type=\"widget\" data-settings=\"{&quot;youtube_url&quot;:&quot;https:\\\/\\\/www.youtube.com\\\/watch?reload=9&amp;v=faVS7H3UPB4&quot;,&quot;video_type&quot;:&quot;youtube&quot;,&quot;controls&quot;:&quot;yes&quot;}\" data-widget_type=\"video.default\">\n\t\t\t\t<div class=\"elementor-widget-container\">\n\t\t\t\t\t\t\t<div class=\"elementor-wrapper elementor-open-inline\">\n\t\t\t<div class=\"elementor-video\"><\/div>\t\t<\/div>\n\t\t\t\t\t\t<\/div>\n\t\t\t\t<\/div>\n\t\t\t\t\t<\/div>\n\t\t<\/div>\n\t\t\t\t\t<\/div>\n\t\t<\/section>\n\t\t\t\t<\/div>\n\t\t","protected":false},"excerpt":{"rendered":"<p>A\u00f1o de San Jos\u00e9 2021 SAN JOS\u00c9 Y LOS DOCUMENTOS PONTIFICIOS El Papa San Juan XXIII en su Carta Apost\u00f3lica \u201cLe Voci\u201d, sobre el fomento de la devoci\u00f3n a San Jos\u00e9, publicada el 19 de marzo de 1961, hace una s\u00edntesis de los documentos pontificios escritos a partir del Concilio Vaticano I (1869-1870), y que &hellip;<\/p>\n","protected":false},"author":7,"featured_media":0,"parent":7954,"menu_order":0,"comment_status":"closed","ping_status":"closed","template":"","meta":{"_uag_custom_page_level_css":"","footnotes":""},"class_list":["post-8309","page","type-page","status-publish","hentry","no-thumb"],"uagb_featured_image_src":{"full":false,"thumbnail":false,"medium":false,"medium_large":false,"large":false,"1536x1536":false,"2048x2048":false,"post-thumbnail":false,"brotherlylove-thumb-s":false,"brotherlylove-thumb-blog-grid":false,"brotherlylove-thumb-blog-masonry":false,"brotherlylove-thumb-l":false,"brotherlylove-thumb-blog":false,"brotherlylove-thumb-project":false,"brotherlylove-thumb-project-term":false,"awb_sm":false,"awb_md":false,"awb_lg":false,"awb_xl":false,"og-image":false},"uagb_author_info":{"display_name":"Arquidi\u00f3cesis de Popay\u00e1n","author_link":"https:\/\/arquidiocesisdepopayan.org\/web\/author\/arquidp\/"},"uagb_comment_info":0,"uagb_excerpt":"A\u00f1o de San Jos\u00e9 2021 SAN JOS\u00c9 Y LOS DOCUMENTOS PONTIFICIOS El Papa San Juan XXIII en su Carta Apost\u00f3lica \u201cLe Voci\u201d, sobre el fomento de la devoci\u00f3n a San Jos\u00e9, publicada el 19 de marzo de 1961, hace una s\u00edntesis de los documentos pontificios escritos a partir del Concilio Vaticano I (1869-1870), y que&hellip;","_links":{"self":[{"href":"https:\/\/arquidiocesisdepopayan.org\/web\/wp-json\/wp\/v2\/pages\/8309","targetHints":{"allow":["GET"]}}],"collection":[{"href":"https:\/\/arquidiocesisdepopayan.org\/web\/wp-json\/wp\/v2\/pages"}],"about":[{"href":"https:\/\/arquidiocesisdepopayan.org\/web\/wp-json\/wp\/v2\/types\/page"}],"author":[{"embeddable":true,"href":"https:\/\/arquidiocesisdepopayan.org\/web\/wp-json\/wp\/v2\/users\/7"}],"replies":[{"embeddable":true,"href":"https:\/\/arquidiocesisdepopayan.org\/web\/wp-json\/wp\/v2\/comments?post=8309"}],"version-history":[{"count":19,"href":"https:\/\/arquidiocesisdepopayan.org\/web\/wp-json\/wp\/v2\/pages\/8309\/revisions"}],"predecessor-version":[{"id":8565,"href":"https:\/\/arquidiocesisdepopayan.org\/web\/wp-json\/wp\/v2\/pages\/8309\/revisions\/8565"}],"up":[{"embeddable":true,"href":"https:\/\/arquidiocesisdepopayan.org\/web\/wp-json\/wp\/v2\/pages\/7954"}],"wp:attachment":[{"href":"https:\/\/arquidiocesisdepopayan.org\/web\/wp-json\/wp\/v2\/media?parent=8309"}],"curies":[{"name":"wp","href":"https:\/\/api.w.org\/{rel}","templated":true}]}}