{"id":8568,"date":"2021-03-03T21:05:06","date_gmt":"2021-03-04T02:05:06","guid":{"rendered":"https:\/\/arquidiocesisdepopayan.org\/web\/?page_id=8568"},"modified":"2023-05-09T08:49:11","modified_gmt":"2023-05-09T13:49:11","slug":"novena-san-jose-dia-3","status":"publish","type":"page","link":"https:\/\/arquidiocesisdepopayan.org\/web\/pastorales\/pastoral-familiar\/novena-san-jose-dia-3\/","title":{"rendered":"Novena San Jos\u00e9 d\u00eda 3"},"content":{"rendered":"\t\t<div data-elementor-type=\"wp-page\" data-elementor-id=\"8568\" class=\"elementor elementor-8568\">\n\t\t\t\t\t\t<section class=\"elementor-section elementor-top-section elementor-element elementor-element-45820ce0 elementor-section-height-min-height elementor-section-boxed elementor-section-height-default elementor-section-items-middle elementor-invisible\" data-id=\"45820ce0\" data-element_type=\"section\" data-settings=\"{&quot;background_background&quot;:&quot;classic&quot;,&quot;shape_divider_bottom&quot;:&quot;tilt&quot;,&quot;animation&quot;:&quot;fadeIn&quot;}\">\n\t\t\t\t\t\t\t<div class=\"elementor-background-overlay\"><\/div>\n\t\t\t\t\t\t<div class=\"elementor-shape elementor-shape-bottom\" data-negative=\"false\">\n\t\t\t<svg xmlns=\"http:\/\/www.w3.org\/2000\/svg\" viewBox=\"0 0 1000 100\" preserveAspectRatio=\"none\">\n\t<path class=\"elementor-shape-fill\" d=\"M0,6V0h1000v100L0,6z\"\/>\n<\/svg>\t\t<\/div>\n\t\t\t\t\t<div class=\"elementor-container elementor-column-gap-default\">\n\t\t\t\t\t<div class=\"elementor-column elementor-col-100 elementor-top-column elementor-element elementor-element-21da57fd\" data-id=\"21da57fd\" data-element_type=\"column\">\n\t\t\t<div class=\"elementor-widget-wrap elementor-element-populated\">\n\t\t\t\t\t\t<div class=\"elementor-element elementor-element-75b30788 elementor-widget elementor-widget-heading\" data-id=\"75b30788\" data-element_type=\"widget\" data-widget_type=\"heading.default\">\n\t\t\t\t<div class=\"elementor-widget-container\">\n\t\t\t\t\t<h3 class=\"elementor-heading-title elementor-size-default\">Novena a San Jos\u00e9<br>D\u00eda tercero<br>\u201cSe levant\u00f3 y cogi\u00f3 al ni\u00f1o y a su madre\u201d<\/h3>\t\t\t\t<\/div>\n\t\t\t\t<\/div>\n\t\t\t\t\t<\/div>\n\t\t<\/div>\n\t\t\t\t\t<\/div>\n\t\t<\/section>\n\t\t\t\t<section class=\"elementor-section elementor-top-section elementor-element elementor-element-51903de8 elementor-section-content-middle elementor-reverse-mobile elementor-section-full_width elementor-section-height-default elementor-section-height-default\" data-id=\"51903de8\" data-element_type=\"section\">\n\t\t\t\t\t\t<div class=\"elementor-container elementor-column-gap-default\">\n\t\t\t\t\t<div class=\"elementor-column elementor-col-100 elementor-top-column elementor-element elementor-element-2e1a1079\" data-id=\"2e1a1079\" data-element_type=\"column\">\n\t\t\t<div class=\"elementor-widget-wrap elementor-element-populated\">\n\t\t\t\t\t\t<div class=\"elementor-element elementor-element-5981bc13 elementor-widget elementor-widget-heading\" data-id=\"5981bc13\" data-element_type=\"widget\" data-widget_type=\"heading.default\">\n\t\t\t\t<div class=\"elementor-widget-container\">\n\t\t\t\t\t<h3 class=\"elementor-heading-title elementor-size-default\"><a href=\"https:\/\/arquidiocesisdepopayan.org\/web\/carta-apostolica-le-voci\/\">Novena a San Jos\u00e9 - Tercer d\u00eda<\/a><\/h3>\t\t\t\t<\/div>\n\t\t\t\t<\/div>\n\t\t\t\t\t<\/div>\n\t\t<\/div>\n\t\t\t\t\t<\/div>\n\t\t<\/section>\n\t\t\t\t<section class=\"elementor-section elementor-top-section elementor-element elementor-element-e39ae85 elementor-section-stretched elementor-section-boxed elementor-section-height-default elementor-section-height-default\" data-id=\"e39ae85\" data-element_type=\"section\" data-settings=\"{&quot;stretch_section&quot;:&quot;section-stretched&quot;}\">\n\t\t\t\t\t\t<div class=\"elementor-container elementor-column-gap-default\">\n\t\t\t\t\t<div class=\"elementor-column elementor-col-100 elementor-top-column elementor-element elementor-element-6a24fd9c\" data-id=\"6a24fd9c\" data-element_type=\"column\">\n\t\t\t<div class=\"elementor-widget-wrap elementor-element-populated\">\n\t\t\t\t\t\t<div class=\"elementor-element elementor-element-3e0ca960 elementor-widget__width-inherit elementor-widget elementor-widget-heading\" data-id=\"3e0ca960\" data-element_type=\"widget\" data-widget_type=\"heading.default\">\n\t\t\t\t<div class=\"elementor-widget-container\">\n\t\t\t\t\t<h2 class=\"elementor-heading-title elementor-size-default\"><div class=\"_df_book df-lite\" id=\"df_8616\"  _slug=\"novena-a-san-jose-dia-3\" data-title=\"novena-a-san-jose-dia-3\" wpoptions=\"true\" thumbtype=\"\" ><\/div><script class=\"df-shortcode-script\" nowprocket type=\"application\/javascript\">window.option_df_8616 = {\"outline\":[],\"autoEnableOutline\":\"false\",\"autoEnableThumbnail\":\"false\",\"overwritePDFOutline\":\"false\",\"direction\":\"1\",\"source\":\"https:\\\/\\\/arquidiocesisdepopayan.org\\\/web\\\/wp-content\\\/uploads\\\/2021\\\/03\\\/3-Novena-San-Jos\\u00e9-Tercer-d\\u00eda.pdf\",\"wpOptions\":\"true\"}; if(window.DFLIP && window.DFLIP.parseBooks){window.DFLIP.parseBooks();}<\/script><\/h2>\t\t\t\t<\/div>\n\t\t\t\t<\/div>\n\t\t\t\t\t<\/div>\n\t\t<\/div>\n\t\t\t\t\t<\/div>\n\t\t<\/section>\n\t\t\t\t<section class=\"elementor-section elementor-top-section elementor-element elementor-element-88dea94 elementor-section-boxed elementor-section-height-default elementor-section-height-default\" data-id=\"88dea94\" data-element_type=\"section\">\n\t\t\t\t\t\t<div class=\"elementor-container elementor-column-gap-default\">\n\t\t\t\t\t<div class=\"elementor-column elementor-col-11 elementor-top-column elementor-element elementor-element-385c803\" data-id=\"385c803\" data-element_type=\"column\" data-settings=\"{&quot;background_background&quot;:&quot;gradient&quot;}\">\n\t\t\t<div class=\"elementor-widget-wrap elementor-element-populated\">\n\t\t\t\t\t<div class=\"elementor-background-overlay\"><\/div>\n\t\t\t\t\t\t<div class=\"elementor-element elementor-element-1761514 elementor-view-framed elementor-shape-circle elementor-widget elementor-widget-icon\" data-id=\"1761514\" data-element_type=\"widget\" data-settings=\"{&quot;_animation&quot;:&quot;none&quot;}\" data-widget_type=\"icon.default\">\n\t\t\t\t<div class=\"elementor-widget-container\">\n\t\t\t\t\t\t\t<div class=\"elementor-icon-wrapper\">\n\t\t\t<a class=\"elementor-icon\" href=\"https:\/\/arquidiocesisdepopayan.org\/web\/pastorales\/pastoral-familiar\/novena-san-jose-dia-1\/\">\n\t\t\t<i aria-hidden=\"true\" class=\"fas fa-place-of-worship\"><\/i>\t\t\t<\/a>\n\t\t<\/div>\n\t\t\t\t\t\t<\/div>\n\t\t\t\t<\/div>\n\t\t\t\t<div class=\"elementor-element elementor-element-3aed7c2 elementor-widget elementor-widget-text-editor\" data-id=\"3aed7c2\" data-element_type=\"widget\" data-widget_type=\"text-editor.default\">\n\t\t\t\t<div class=\"elementor-widget-container\">\n\t\t\t\t\t\t\t\t\t<p style=\"text-align: center;\"><strong>Primer d\u00eda<\/strong><\/p>\t\t\t\t\t\t\t\t<\/div>\n\t\t\t\t<\/div>\n\t\t\t\t\t<\/div>\n\t\t<\/div>\n\t\t\t\t<div class=\"elementor-column elementor-col-11 elementor-top-column elementor-element elementor-element-fa9d25a\" data-id=\"fa9d25a\" data-element_type=\"column\" data-settings=\"{&quot;background_background&quot;:&quot;gradient&quot;}\">\n\t\t\t<div class=\"elementor-widget-wrap elementor-element-populated\">\n\t\t\t\t\t<div class=\"elementor-background-overlay\"><\/div>\n\t\t\t\t\t\t<div class=\"elementor-element elementor-element-5f41993 elementor-view-framed elementor-shape-circle elementor-widget elementor-widget-icon\" data-id=\"5f41993\" data-element_type=\"widget\" data-settings=\"{&quot;_animation&quot;:&quot;none&quot;}\" data-widget_type=\"icon.default\">\n\t\t\t\t<div class=\"elementor-widget-container\">\n\t\t\t\t\t\t\t<div class=\"elementor-icon-wrapper\">\n\t\t\t<a class=\"elementor-icon\" href=\"https:\/\/arquidiocesisdepopayan.org\/web\/pastorales\/pastoral-familiar\/novena-san-jose-dia-2\/\">\n\t\t\t<i aria-hidden=\"true\" class=\"fas fa-place-of-worship\"><\/i>\t\t\t<\/a>\n\t\t<\/div>\n\t\t\t\t\t\t<\/div>\n\t\t\t\t<\/div>\n\t\t\t\t<div class=\"elementor-element elementor-element-61d0398 elementor-widget elementor-widget-text-editor\" data-id=\"61d0398\" data-element_type=\"widget\" data-widget_type=\"text-editor.default\">\n\t\t\t\t<div class=\"elementor-widget-container\">\n\t\t\t\t\t\t\t\t\t<p style=\"text-align: center;\"><strong>Segundo d\u00eda<\/strong><\/p>\t\t\t\t\t\t\t\t<\/div>\n\t\t\t\t<\/div>\n\t\t\t\t\t<\/div>\n\t\t<\/div>\n\t\t\t\t<div class=\"elementor-column elementor-col-11 elementor-top-column elementor-element elementor-element-2108f63\" data-id=\"2108f63\" data-element_type=\"column\" data-settings=\"{&quot;background_background&quot;:&quot;gradient&quot;}\">\n\t\t\t<div class=\"elementor-widget-wrap elementor-element-populated\">\n\t\t\t\t\t<div class=\"elementor-background-overlay\"><\/div>\n\t\t\t\t\t\t<div class=\"elementor-element elementor-element-b5779be elementor-view-framed elementor-shape-circle elementor-widget elementor-widget-icon\" data-id=\"b5779be\" data-element_type=\"widget\" data-settings=\"{&quot;_animation&quot;:&quot;none&quot;}\" data-widget_type=\"icon.default\">\n\t\t\t\t<div class=\"elementor-widget-container\">\n\t\t\t\t\t\t\t<div class=\"elementor-icon-wrapper\">\n\t\t\t<a class=\"elementor-icon\" href=\"https:\/\/arquidiocesisdepopayan.org\/web\/pastorales\/pastoral-familiar\/novena-san-jose-dia-3\/\">\n\t\t\t<i aria-hidden=\"true\" class=\"fas fa-place-of-worship\"><\/i>\t\t\t<\/a>\n\t\t<\/div>\n\t\t\t\t\t\t<\/div>\n\t\t\t\t<\/div>\n\t\t\t\t<div class=\"elementor-element elementor-element-ed05d8f elementor-widget elementor-widget-text-editor\" data-id=\"ed05d8f\" data-element_type=\"widget\" data-widget_type=\"text-editor.default\">\n\t\t\t\t<div class=\"elementor-widget-container\">\n\t\t\t\t\t\t\t\t\t<p style=\"text-align: center;\"><strong>Tercer d\u00eda<\/strong><\/p>\t\t\t\t\t\t\t\t<\/div>\n\t\t\t\t<\/div>\n\t\t\t\t\t<\/div>\n\t\t<\/div>\n\t\t\t\t<div class=\"elementor-column elementor-col-11 elementor-top-column elementor-element elementor-element-a70599f\" data-id=\"a70599f\" data-element_type=\"column\" data-settings=\"{&quot;background_background&quot;:&quot;gradient&quot;}\">\n\t\t\t<div class=\"elementor-widget-wrap elementor-element-populated\">\n\t\t\t\t\t<div class=\"elementor-background-overlay\"><\/div>\n\t\t\t\t\t\t<div class=\"elementor-element elementor-element-928417b elementor-view-framed elementor-shape-circle elementor-widget elementor-widget-icon\" data-id=\"928417b\" data-element_type=\"widget\" data-settings=\"{&quot;_animation&quot;:&quot;none&quot;}\" data-widget_type=\"icon.default\">\n\t\t\t\t<div class=\"elementor-widget-container\">\n\t\t\t\t\t\t\t<div class=\"elementor-icon-wrapper\">\n\t\t\t<a class=\"elementor-icon\" href=\"https:\/\/arquidiocesisdepopayan.org\/web\/pastorales\/pastoral-familiar\/novena-san-jose-dia-4\/\">\n\t\t\t<i aria-hidden=\"true\" class=\"fas fa-place-of-worship\"><\/i>\t\t\t<\/a>\n\t\t<\/div>\n\t\t\t\t\t\t<\/div>\n\t\t\t\t<\/div>\n\t\t\t\t<div class=\"elementor-element elementor-element-d235b9c elementor-widget elementor-widget-text-editor\" data-id=\"d235b9c\" data-element_type=\"widget\" data-widget_type=\"text-editor.default\">\n\t\t\t\t<div class=\"elementor-widget-container\">\n\t\t\t\t\t\t\t\t\t<p style=\"text-align: center;\"><strong>Cuarto d\u00eda<\/strong><\/p>\t\t\t\t\t\t\t\t<\/div>\n\t\t\t\t<\/div>\n\t\t\t\t\t<\/div>\n\t\t<\/div>\n\t\t\t\t<div class=\"elementor-column elementor-col-11 elementor-top-column elementor-element elementor-element-e80be35\" data-id=\"e80be35\" data-element_type=\"column\" data-settings=\"{&quot;background_background&quot;:&quot;gradient&quot;}\">\n\t\t\t<div class=\"elementor-widget-wrap elementor-element-populated\">\n\t\t\t\t\t<div class=\"elementor-background-overlay\"><\/div>\n\t\t\t\t\t\t<div class=\"elementor-element elementor-element-a6de553 elementor-view-framed elementor-shape-circle elementor-widget elementor-widget-icon\" data-id=\"a6de553\" data-element_type=\"widget\" data-settings=\"{&quot;_animation&quot;:&quot;none&quot;}\" data-widget_type=\"icon.default\">\n\t\t\t\t<div class=\"elementor-widget-container\">\n\t\t\t\t\t\t\t<div class=\"elementor-icon-wrapper\">\n\t\t\t<a class=\"elementor-icon\" href=\"https:\/\/arquidiocesisdepopayan.org\/web\/pastorales\/pastoral-familiar\/novena-san-jose-dia-5\/\">\n\t\t\t<i aria-hidden=\"true\" class=\"fas fa-place-of-worship\"><\/i>\t\t\t<\/a>\n\t\t<\/div>\n\t\t\t\t\t\t<\/div>\n\t\t\t\t<\/div>\n\t\t\t\t<div class=\"elementor-element elementor-element-11026eb elementor-widget elementor-widget-text-editor\" data-id=\"11026eb\" data-element_type=\"widget\" data-widget_type=\"text-editor.default\">\n\t\t\t\t<div class=\"elementor-widget-container\">\n\t\t\t\t\t\t\t\t\t<p style=\"text-align: center;\"><strong>Quinto d\u00eda<\/strong><\/p>\t\t\t\t\t\t\t\t<\/div>\n\t\t\t\t<\/div>\n\t\t\t\t\t<\/div>\n\t\t<\/div>\n\t\t\t\t<div class=\"elementor-column elementor-col-11 elementor-top-column elementor-element elementor-element-628b1ba\" data-id=\"628b1ba\" data-element_type=\"column\" data-settings=\"{&quot;background_background&quot;:&quot;gradient&quot;}\">\n\t\t\t<div class=\"elementor-widget-wrap elementor-element-populated\">\n\t\t\t\t\t<div class=\"elementor-background-overlay\"><\/div>\n\t\t\t\t\t\t<div class=\"elementor-element elementor-element-a47ed9a elementor-view-framed elementor-shape-circle elementor-widget elementor-widget-icon\" data-id=\"a47ed9a\" data-element_type=\"widget\" data-settings=\"{&quot;_animation&quot;:&quot;none&quot;}\" data-widget_type=\"icon.default\">\n\t\t\t\t<div class=\"elementor-widget-container\">\n\t\t\t\t\t\t\t<div class=\"elementor-icon-wrapper\">\n\t\t\t<a class=\"elementor-icon\" href=\"https:\/\/arquidiocesisdepopayan.org\/web\/pastorales\/pastoral-familiar\/novena-san-jose-dia-6\/\">\n\t\t\t<i aria-hidden=\"true\" class=\"fas fa-place-of-worship\"><\/i>\t\t\t<\/a>\n\t\t<\/div>\n\t\t\t\t\t\t<\/div>\n\t\t\t\t<\/div>\n\t\t\t\t<div class=\"elementor-element elementor-element-76b9816 elementor-widget elementor-widget-text-editor\" data-id=\"76b9816\" data-element_type=\"widget\" data-widget_type=\"text-editor.default\">\n\t\t\t\t<div class=\"elementor-widget-container\">\n\t\t\t\t\t\t\t\t\t<p style=\"text-align: center;\"><strong>Sexto d\u00eda<\/strong><\/p>\t\t\t\t\t\t\t\t<\/div>\n\t\t\t\t<\/div>\n\t\t\t\t\t<\/div>\n\t\t<\/div>\n\t\t\t\t<div class=\"elementor-column elementor-col-11 elementor-top-column elementor-element elementor-element-9c2a189\" data-id=\"9c2a189\" data-element_type=\"column\" data-settings=\"{&quot;background_background&quot;:&quot;gradient&quot;}\">\n\t\t\t<div class=\"elementor-widget-wrap elementor-element-populated\">\n\t\t\t\t\t<div class=\"elementor-background-overlay\"><\/div>\n\t\t\t\t\t\t<div class=\"elementor-element elementor-element-d00c027 elementor-view-framed elementor-shape-circle elementor-widget elementor-widget-icon\" data-id=\"d00c027\" data-element_type=\"widget\" data-settings=\"{&quot;_animation&quot;:&quot;none&quot;}\" data-widget_type=\"icon.default\">\n\t\t\t\t<div class=\"elementor-widget-container\">\n\t\t\t\t\t\t\t<div class=\"elementor-icon-wrapper\">\n\t\t\t<a class=\"elementor-icon\" href=\"https:\/\/arquidiocesisdepopayan.org\/web\/pastorales\/pastoral-familiar\/novena-san-jose\/novena-san-jose-dia-7\/\">\n\t\t\t<i aria-hidden=\"true\" class=\"fas fa-place-of-worship\"><\/i>\t\t\t<\/a>\n\t\t<\/div>\n\t\t\t\t\t\t<\/div>\n\t\t\t\t<\/div>\n\t\t\t\t<div class=\"elementor-element elementor-element-1699c8b elementor-widget elementor-widget-text-editor\" data-id=\"1699c8b\" data-element_type=\"widget\" data-widget_type=\"text-editor.default\">\n\t\t\t\t<div class=\"elementor-widget-container\">\n\t\t\t\t\t\t\t\t\t<p style=\"text-align: center;\"><strong>S\u00e9ptimo d\u00eda<\/strong><\/p>\t\t\t\t\t\t\t\t<\/div>\n\t\t\t\t<\/div>\n\t\t\t\t\t<\/div>\n\t\t<\/div>\n\t\t\t\t<div class=\"elementor-column elementor-col-11 elementor-top-column elementor-element elementor-element-220829c\" data-id=\"220829c\" data-element_type=\"column\" data-settings=\"{&quot;background_background&quot;:&quot;gradient&quot;}\">\n\t\t\t<div class=\"elementor-widget-wrap elementor-element-populated\">\n\t\t\t\t\t<div class=\"elementor-background-overlay\"><\/div>\n\t\t\t\t\t\t<div class=\"elementor-element elementor-element-af37053 elementor-view-framed elementor-shape-circle elementor-widget elementor-widget-icon\" data-id=\"af37053\" data-element_type=\"widget\" data-settings=\"{&quot;_animation&quot;:&quot;none&quot;}\" data-widget_type=\"icon.default\">\n\t\t\t\t<div class=\"elementor-widget-container\">\n\t\t\t\t\t\t\t<div class=\"elementor-icon-wrapper\">\n\t\t\t<a class=\"elementor-icon\" href=\"https:\/\/arquidiocesisdepopayan.org\/web\/pastorales\/pastoral-familiar\/novena-san-jose\/novena-san-jose-dia-8\/\">\n\t\t\t<i aria-hidden=\"true\" class=\"fas fa-place-of-worship\"><\/i>\t\t\t<\/a>\n\t\t<\/div>\n\t\t\t\t\t\t<\/div>\n\t\t\t\t<\/div>\n\t\t\t\t<div class=\"elementor-element elementor-element-91e672f elementor-widget elementor-widget-text-editor\" data-id=\"91e672f\" data-element_type=\"widget\" data-widget_type=\"text-editor.default\">\n\t\t\t\t<div class=\"elementor-widget-container\">\n\t\t\t\t\t\t\t\t\t<p style=\"text-align: center;\"><strong>Octavo d\u00eda<\/strong><\/p>\t\t\t\t\t\t\t\t<\/div>\n\t\t\t\t<\/div>\n\t\t\t\t\t<\/div>\n\t\t<\/div>\n\t\t\t\t<div class=\"elementor-column elementor-col-11 elementor-top-column elementor-element elementor-element-8b367b0\" data-id=\"8b367b0\" data-element_type=\"column\" data-settings=\"{&quot;background_background&quot;:&quot;gradient&quot;}\">\n\t\t\t<div class=\"elementor-widget-wrap elementor-element-populated\">\n\t\t\t\t\t<div class=\"elementor-background-overlay\"><\/div>\n\t\t\t\t\t\t<div class=\"elementor-element elementor-element-62610af elementor-view-framed elementor-shape-circle elementor-widget elementor-widget-icon\" data-id=\"62610af\" data-element_type=\"widget\" data-settings=\"{&quot;_animation&quot;:&quot;none&quot;}\" data-widget_type=\"icon.default\">\n\t\t\t\t<div class=\"elementor-widget-container\">\n\t\t\t\t\t\t\t<div class=\"elementor-icon-wrapper\">\n\t\t\t<a class=\"elementor-icon\" href=\"https:\/\/arquidiocesisdepopayan.org\/web\/pastorales\/pastoral-familiar\/novena-san-jose\/novena-san-jose-dia-9\/\">\n\t\t\t<i aria-hidden=\"true\" class=\"fas fa-place-of-worship\"><\/i>\t\t\t<\/a>\n\t\t<\/div>\n\t\t\t\t\t\t<\/div>\n\t\t\t\t<\/div>\n\t\t\t\t<div class=\"elementor-element elementor-element-08fdb7c elementor-widget elementor-widget-text-editor\" data-id=\"08fdb7c\" data-element_type=\"widget\" data-widget_type=\"text-editor.default\">\n\t\t\t\t<div class=\"elementor-widget-container\">\n\t\t\t\t\t\t\t\t\t<p style=\"text-align: center;\"><strong>Noveno d\u00eda<\/strong><\/p>\t\t\t\t\t\t\t\t<\/div>\n\t\t\t\t<\/div>\n\t\t\t\t\t<\/div>\n\t\t<\/div>\n\t\t\t\t\t<\/div>\n\t\t<\/section>\n\t\t\t\t<\/div>\n\t\t","protected":false},"excerpt":{"rendered":"<p>Novena a San Jos\u00e9 D\u00eda tercero \u201cSe levant\u00f3 y cogi\u00f3 al ni\u00f1o y a su madre\u201d Novena a San Jos\u00e9 &#8211; Tercer d\u00eda Primer d\u00eda Segundo d\u00eda Tercer d\u00eda Cuarto d\u00eda Quinto d\u00eda Sexto d\u00eda S\u00e9ptimo d\u00eda Octavo d\u00eda Noveno d\u00eda<\/p>\n","protected":false},"author":7,"featured_media":8544,"parent":7954,"menu_order":0,"comment_status":"closed","ping_status":"closed","template":"","meta":{"_uag_custom_page_level_css":"","footnotes":""},"class_list":["post-8568","page","type-page","status-publish","has-post-thumbnail","hentry","has-thumb"],"uagb_featured_image_src":{"full":["https:\/\/arquidiocesisdepopayan.org\/web\/wp-content\/uploads\/2021\/03\/hands-1926414_1280.jpg",1280,784,false],"thumbnail":["https:\/\/arquidiocesisdepopayan.org\/web\/wp-content\/uploads\/2021\/03\/hands-1926414_1280-150x150.jpg",150,150,true],"medium":["https:\/\/arquidiocesisdepopayan.org\/web\/wp-content\/uploads\/2021\/03\/hands-1926414_1280-300x184.jpg",300,184,true],"medium_large":["https:\/\/arquidiocesisdepopayan.org\/web\/wp-content\/uploads\/2021\/03\/hands-1926414_1280-768x470.jpg",710,435,true],"large":["https:\/\/arquidiocesisdepopayan.org\/web\/wp-content\/uploads\/2021\/03\/hands-1926414_1280-1024x627.jpg",710,435,true],"1536x1536":["https:\/\/arquidiocesisdepopayan.org\/web\/wp-content\/uploads\/2021\/03\/hands-1926414_1280.jpg",1280,784,false],"2048x2048":["https:\/\/arquidiocesisdepopayan.org\/web\/wp-content\/uploads\/2021\/03\/hands-1926414_1280.jpg",1280,784,false],"post-thumbnail":["https:\/\/arquidiocesisdepopayan.org\/web\/wp-content\/uploads\/2021\/03\/hands-1926414_1280-640x506.jpg",640,506,true],"brotherlylove-thumb-s":["https:\/\/arquidiocesisdepopayan.org\/web\/wp-content\/uploads\/2021\/03\/hands-1926414_1280-130x136.jpg",130,136,true],"brotherlylove-thumb-blog-grid":["https:\/\/arquidiocesisdepopayan.org\/web\/wp-content\/uploads\/2021\/03\/hands-1926414_1280-536x505.jpg",536,505,true],"brotherlylove-thumb-blog-masonry":["https:\/\/arquidiocesisdepopayan.org\/web\/wp-content\/uploads\/2021\/03\/hands-1926414_1280-700x429.jpg",700,429,true],"brotherlylove-thumb-l":["https:\/\/arquidiocesisdepopayan.org\/web\/wp-content\/uploads\/2021\/03\/hands-1926414_1280-1280x506.jpg",1280,506,true],"brotherlylove-thumb-blog":["https:\/\/arquidiocesisdepopayan.org\/web\/wp-content\/uploads\/2021\/03\/hands-1926414_1280-418x276.jpg",418,276,true],"brotherlylove-thumb-project":["https:\/\/arquidiocesisdepopayan.org\/web\/wp-content\/uploads\/2021\/03\/hands-1926414_1280-370x260.jpg",370,260,true],"brotherlylove-thumb-project-term":["https:\/\/arquidiocesisdepopayan.org\/web\/wp-content\/uploads\/2021\/03\/hands-1926414_1280-640x493.jpg",640,493,true],"awb_sm":["https:\/\/arquidiocesisdepopayan.org\/web\/wp-content\/uploads\/2021\/03\/hands-1926414_1280.jpg",500,306,false],"awb_md":["https:\/\/arquidiocesisdepopayan.org\/web\/wp-content\/uploads\/2021\/03\/hands-1926414_1280.jpg",800,490,false],"awb_lg":["https:\/\/arquidiocesisdepopayan.org\/web\/wp-content\/uploads\/2021\/03\/hands-1926414_1280.jpg",1280,784,false],"awb_xl":["https:\/\/arquidiocesisdepopayan.org\/web\/wp-content\/uploads\/2021\/03\/hands-1926414_1280.jpg",1280,784,false],"og-image":["https:\/\/arquidiocesisdepopayan.org\/web\/wp-content\/uploads\/2021\/03\/hands-1926414_1280.jpg",1029,630,false],"og-image@2x":["https:\/\/arquidiocesisdepopayan.org\/web\/wp-content\/uploads\/2021\/03\/hands-1926414_1280.jpg",1280,784,false]},"uagb_author_info":{"display_name":"Arquidi\u00f3cesis de Popay\u00e1n","author_link":"https:\/\/arquidiocesisdepopayan.org\/web\/author\/arquidp\/"},"uagb_comment_info":0,"uagb_excerpt":"Novena a San Jos\u00e9 D\u00eda tercero \u201cSe levant\u00f3 y cogi\u00f3 al ni\u00f1o y a su madre\u201d Novena a San Jos\u00e9 &#8211; Tercer d\u00eda Primer d\u00eda Segundo d\u00eda Tercer d\u00eda Cuarto d\u00eda Quinto d\u00eda Sexto d\u00eda S\u00e9ptimo d\u00eda Octavo d\u00eda Noveno d\u00eda","_links":{"self":[{"href":"https:\/\/arquidiocesisdepopayan.org\/web\/wp-json\/wp\/v2\/pages\/8568","targetHints":{"allow":["GET"]}}],"collection":[{"href":"https:\/\/arquidiocesisdepopayan.org\/web\/wp-json\/wp\/v2\/pages"}],"about":[{"href":"https:\/\/arquidiocesisdepopayan.org\/web\/wp-json\/wp\/v2\/types\/page"}],"author":[{"embeddable":true,"href":"https:\/\/arquidiocesisdepopayan.org\/web\/wp-json\/wp\/v2\/users\/7"}],"replies":[{"embeddable":true,"href":"https:\/\/arquidiocesisdepopayan.org\/web\/wp-json\/wp\/v2\/comments?post=8568"}],"version-history":[{"count":7,"href":"https:\/\/arquidiocesisdepopayan.org\/web\/wp-json\/wp\/v2\/pages\/8568\/revisions"}],"predecessor-version":[{"id":8620,"href":"https:\/\/arquidiocesisdepopayan.org\/web\/wp-json\/wp\/v2\/pages\/8568\/revisions\/8620"}],"up":[{"embeddable":true,"href":"https:\/\/arquidiocesisdepopayan.org\/web\/wp-json\/wp\/v2\/pages\/7954"}],"wp:featuredmedia":[{"embeddable":true,"href":"https:\/\/arquidiocesisdepopayan.org\/web\/wp-json\/wp\/v2\/media\/8544"}],"wp:attachment":[{"href":"https:\/\/arquidiocesisdepopayan.org\/web\/wp-json\/wp\/v2\/media?parent=8568"}],"curies":[{"name":"wp","href":"https:\/\/api.w.org\/{rel}","templated":true}]}}