{"id":8625,"date":"2021-03-04T17:14:42","date_gmt":"2021-03-04T22:14:42","guid":{"rendered":"https:\/\/arquidiocesisdepopayan.org\/web\/?page_id=8625"},"modified":"2023-05-09T08:49:36","modified_gmt":"2023-05-09T13:49:36","slug":"novena-san-jose-dia-6","status":"publish","type":"page","link":"https:\/\/arquidiocesisdepopayan.org\/web\/pastorales\/pastoral-familiar\/novena-san-jose-dia-6\/","title":{"rendered":"Novena San Jos\u00e9 d\u00eda 6"},"content":{"rendered":"\t\t<div data-elementor-type=\"wp-page\" data-elementor-id=\"8625\" class=\"elementor elementor-8625\">\n\t\t\t\t\t\t<section class=\"elementor-section elementor-top-section elementor-element elementor-element-24a0cfea elementor-section-height-min-height elementor-section-boxed elementor-section-height-default elementor-section-items-middle elementor-invisible\" data-id=\"24a0cfea\" data-element_type=\"section\" data-settings=\"{&quot;background_background&quot;:&quot;classic&quot;,&quot;shape_divider_bottom&quot;:&quot;tilt&quot;,&quot;animation&quot;:&quot;fadeIn&quot;}\">\n\t\t\t\t\t\t\t<div class=\"elementor-background-overlay\"><\/div>\n\t\t\t\t\t\t<div class=\"elementor-shape elementor-shape-bottom\" data-negative=\"false\">\n\t\t\t<svg xmlns=\"http:\/\/www.w3.org\/2000\/svg\" viewBox=\"0 0 1000 100\" preserveAspectRatio=\"none\">\n\t<path class=\"elementor-shape-fill\" d=\"M0,6V0h1000v100L0,6z\"\/>\n<\/svg>\t\t<\/div>\n\t\t\t\t\t<div class=\"elementor-container elementor-column-gap-default\">\n\t\t\t\t\t<div class=\"elementor-column elementor-col-100 elementor-top-column elementor-element elementor-element-62cf98f1\" data-id=\"62cf98f1\" data-element_type=\"column\">\n\t\t\t<div class=\"elementor-widget-wrap elementor-element-populated\">\n\t\t\t\t\t\t<div class=\"elementor-element elementor-element-44ea52f4 elementor-widget elementor-widget-heading\" data-id=\"44ea52f4\" data-element_type=\"widget\" data-widget_type=\"heading.default\">\n\t\t\t\t<div class=\"elementor-widget-container\">\n\t\t\t\t\t<h3 class=\"elementor-heading-title elementor-size-default\">Novena a San Jos\u00e9<br>D\u00eda sexto<br>\u201cEl anuncio del \u00e1ngel\u201d<\/h3>\t\t\t\t<\/div>\n\t\t\t\t<\/div>\n\t\t\t\t\t<\/div>\n\t\t<\/div>\n\t\t\t\t\t<\/div>\n\t\t<\/section>\n\t\t\t\t<section class=\"elementor-section elementor-top-section elementor-element elementor-element-75b976bd elementor-section-content-middle elementor-reverse-mobile elementor-section-full_width elementor-section-height-default elementor-section-height-default\" data-id=\"75b976bd\" data-element_type=\"section\">\n\t\t\t\t\t\t<div class=\"elementor-container elementor-column-gap-default\">\n\t\t\t\t\t<div class=\"elementor-column elementor-col-100 elementor-top-column elementor-element elementor-element-8faced3\" data-id=\"8faced3\" data-element_type=\"column\">\n\t\t\t<div class=\"elementor-widget-wrap elementor-element-populated\">\n\t\t\t\t\t\t<div class=\"elementor-element elementor-element-2225187e elementor-widget elementor-widget-heading\" data-id=\"2225187e\" data-element_type=\"widget\" data-widget_type=\"heading.default\">\n\t\t\t\t<div class=\"elementor-widget-container\">\n\t\t\t\t\t<h3 class=\"elementor-heading-title elementor-size-default\"><a href=\"https:\/\/arquidiocesisdepopayan.org\/web\/carta-apostolica-le-voci\/\">Novena a San Jos\u00e9 - Sexto d\u00eda<\/a><\/h3>\t\t\t\t<\/div>\n\t\t\t\t<\/div>\n\t\t\t\t\t<\/div>\n\t\t<\/div>\n\t\t\t\t\t<\/div>\n\t\t<\/section>\n\t\t\t\t<section class=\"elementor-section elementor-top-section elementor-element elementor-element-10eda538 elementor-section-stretched elementor-section-boxed elementor-section-height-default elementor-section-height-default\" data-id=\"10eda538\" data-element_type=\"section\" data-settings=\"{&quot;stretch_section&quot;:&quot;section-stretched&quot;}\">\n\t\t\t\t\t\t<div class=\"elementor-container elementor-column-gap-default\">\n\t\t\t\t\t<div class=\"elementor-column elementor-col-100 elementor-top-column elementor-element elementor-element-2eeded1\" data-id=\"2eeded1\" data-element_type=\"column\">\n\t\t\t<div class=\"elementor-widget-wrap elementor-element-populated\">\n\t\t\t\t\t\t<div class=\"elementor-element elementor-element-3f7d8cd3 elementor-widget__width-inherit elementor-widget elementor-widget-heading\" data-id=\"3f7d8cd3\" data-element_type=\"widget\" data-widget_type=\"heading.default\">\n\t\t\t\t<div class=\"elementor-widget-container\">\n\t\t\t\t\t<h2 class=\"elementor-heading-title elementor-size-default\"><div class=\"_df_book df-lite\" id=\"df_8585\"  _slug=\"novena-a-san-jose-dia-6\" data-title=\"novena-a-san-jose-dia-6\" wpoptions=\"true\" thumbtype=\"\" ><\/div><script class=\"df-shortcode-script\" nowprocket type=\"application\/javascript\">window.option_df_8585 = {\"outline\":[],\"autoEnableOutline\":\"false\",\"autoEnableThumbnail\":\"false\",\"overwritePDFOutline\":\"false\",\"direction\":\"1\",\"source\":\"https:\\\/\\\/arquidiocesisdepopayan.org\\\/web\\\/wp-content\\\/uploads\\\/2021\\\/03\\\/6-Novena-San-Jos\\u00e9-Sexto-d\\u00eda.pdf\",\"wpOptions\":\"true\"}; if(window.DFLIP && window.DFLIP.parseBooks){window.DFLIP.parseBooks();}<\/script><\/h2>\t\t\t\t<\/div>\n\t\t\t\t<\/div>\n\t\t\t\t\t<\/div>\n\t\t<\/div>\n\t\t\t\t\t<\/div>\n\t\t<\/section>\n\t\t\t\t<section class=\"elementor-section elementor-top-section elementor-element elementor-element-65c8f7e5 elementor-section-boxed elementor-section-height-default elementor-section-height-default\" data-id=\"65c8f7e5\" data-element_type=\"section\">\n\t\t\t\t\t\t<div class=\"elementor-container elementor-column-gap-default\">\n\t\t\t\t\t<div class=\"elementor-column elementor-col-11 elementor-top-column elementor-element elementor-element-7e16cfc6\" data-id=\"7e16cfc6\" data-element_type=\"column\" data-settings=\"{&quot;background_background&quot;:&quot;gradient&quot;}\">\n\t\t\t<div class=\"elementor-widget-wrap elementor-element-populated\">\n\t\t\t\t\t<div class=\"elementor-background-overlay\"><\/div>\n\t\t\t\t\t\t<div class=\"elementor-element elementor-element-6911c36c elementor-view-framed elementor-shape-circle elementor-widget elementor-widget-icon\" data-id=\"6911c36c\" data-element_type=\"widget\" data-settings=\"{&quot;_animation&quot;:&quot;none&quot;}\" data-widget_type=\"icon.default\">\n\t\t\t\t<div class=\"elementor-widget-container\">\n\t\t\t\t\t\t\t<div class=\"elementor-icon-wrapper\">\n\t\t\t<a class=\"elementor-icon\" href=\"https:\/\/arquidiocesisdepopayan.org\/web\/pastorales\/pastoral-familiar\/novena-san-jose-dia-1\/\">\n\t\t\t<i aria-hidden=\"true\" class=\"fas fa-place-of-worship\"><\/i>\t\t\t<\/a>\n\t\t<\/div>\n\t\t\t\t\t\t<\/div>\n\t\t\t\t<\/div>\n\t\t\t\t<div class=\"elementor-element elementor-element-d4a54ff elementor-widget elementor-widget-text-editor\" data-id=\"d4a54ff\" data-element_type=\"widget\" data-widget_type=\"text-editor.default\">\n\t\t\t\t<div class=\"elementor-widget-container\">\n\t\t\t\t\t\t\t\t\t<p style=\"text-align: center;\"><strong>Primer d\u00eda<\/strong><\/p>\t\t\t\t\t\t\t\t<\/div>\n\t\t\t\t<\/div>\n\t\t\t\t\t<\/div>\n\t\t<\/div>\n\t\t\t\t<div class=\"elementor-column elementor-col-11 elementor-top-column elementor-element elementor-element-46c05f0d\" data-id=\"46c05f0d\" data-element_type=\"column\" data-settings=\"{&quot;background_background&quot;:&quot;gradient&quot;}\">\n\t\t\t<div class=\"elementor-widget-wrap elementor-element-populated\">\n\t\t\t\t\t<div class=\"elementor-background-overlay\"><\/div>\n\t\t\t\t\t\t<div class=\"elementor-element elementor-element-1a8a4d48 elementor-view-framed elementor-shape-circle elementor-widget elementor-widget-icon\" data-id=\"1a8a4d48\" data-element_type=\"widget\" data-settings=\"{&quot;_animation&quot;:&quot;none&quot;}\" data-widget_type=\"icon.default\">\n\t\t\t\t<div class=\"elementor-widget-container\">\n\t\t\t\t\t\t\t<div class=\"elementor-icon-wrapper\">\n\t\t\t<a class=\"elementor-icon\" href=\"https:\/\/arquidiocesisdepopayan.org\/web\/pastorales\/pastoral-familiar\/novena-san-jose-dia-2\/\">\n\t\t\t<i aria-hidden=\"true\" class=\"fas fa-place-of-worship\"><\/i>\t\t\t<\/a>\n\t\t<\/div>\n\t\t\t\t\t\t<\/div>\n\t\t\t\t<\/div>\n\t\t\t\t<div class=\"elementor-element elementor-element-57a4cc9f elementor-widget elementor-widget-text-editor\" data-id=\"57a4cc9f\" data-element_type=\"widget\" data-widget_type=\"text-editor.default\">\n\t\t\t\t<div class=\"elementor-widget-container\">\n\t\t\t\t\t\t\t\t\t<p style=\"text-align: center;\"><strong>Segundo d\u00eda<\/strong><\/p>\t\t\t\t\t\t\t\t<\/div>\n\t\t\t\t<\/div>\n\t\t\t\t\t<\/div>\n\t\t<\/div>\n\t\t\t\t<div class=\"elementor-column elementor-col-11 elementor-top-column elementor-element elementor-element-594fbf22\" data-id=\"594fbf22\" data-element_type=\"column\" data-settings=\"{&quot;background_background&quot;:&quot;gradient&quot;}\">\n\t\t\t<div class=\"elementor-widget-wrap elementor-element-populated\">\n\t\t\t\t\t<div class=\"elementor-background-overlay\"><\/div>\n\t\t\t\t\t\t<div class=\"elementor-element elementor-element-5cc3f5ee elementor-view-framed elementor-shape-circle elementor-widget elementor-widget-icon\" data-id=\"5cc3f5ee\" data-element_type=\"widget\" data-settings=\"{&quot;_animation&quot;:&quot;none&quot;}\" data-widget_type=\"icon.default\">\n\t\t\t\t<div class=\"elementor-widget-container\">\n\t\t\t\t\t\t\t<div class=\"elementor-icon-wrapper\">\n\t\t\t<a class=\"elementor-icon\" href=\"https:\/\/arquidiocesisdepopayan.org\/web\/pastorales\/pastoral-familiar\/novena-san-jose-dia-3\/\">\n\t\t\t<i aria-hidden=\"true\" class=\"fas fa-place-of-worship\"><\/i>\t\t\t<\/a>\n\t\t<\/div>\n\t\t\t\t\t\t<\/div>\n\t\t\t\t<\/div>\n\t\t\t\t<div class=\"elementor-element elementor-element-4114cc47 elementor-widget elementor-widget-text-editor\" data-id=\"4114cc47\" data-element_type=\"widget\" data-widget_type=\"text-editor.default\">\n\t\t\t\t<div class=\"elementor-widget-container\">\n\t\t\t\t\t\t\t\t\t<p style=\"text-align: center;\"><strong>Tercer d\u00eda<\/strong><\/p>\t\t\t\t\t\t\t\t<\/div>\n\t\t\t\t<\/div>\n\t\t\t\t\t<\/div>\n\t\t<\/div>\n\t\t\t\t<div class=\"elementor-column elementor-col-11 elementor-top-column elementor-element elementor-element-66291463\" data-id=\"66291463\" data-element_type=\"column\" data-settings=\"{&quot;background_background&quot;:&quot;gradient&quot;}\">\n\t\t\t<div class=\"elementor-widget-wrap elementor-element-populated\">\n\t\t\t\t\t<div class=\"elementor-background-overlay\"><\/div>\n\t\t\t\t\t\t<div class=\"elementor-element elementor-element-13d21186 elementor-view-framed elementor-shape-circle elementor-widget elementor-widget-icon\" data-id=\"13d21186\" data-element_type=\"widget\" data-settings=\"{&quot;_animation&quot;:&quot;none&quot;}\" data-widget_type=\"icon.default\">\n\t\t\t\t<div class=\"elementor-widget-container\">\n\t\t\t\t\t\t\t<div class=\"elementor-icon-wrapper\">\n\t\t\t<a class=\"elementor-icon\" href=\"https:\/\/arquidiocesisdepopayan.org\/web\/pastorales\/pastoral-familiar\/novena-san-jose-dia-4\/\">\n\t\t\t<i aria-hidden=\"true\" class=\"fas fa-place-of-worship\"><\/i>\t\t\t<\/a>\n\t\t<\/div>\n\t\t\t\t\t\t<\/div>\n\t\t\t\t<\/div>\n\t\t\t\t<div class=\"elementor-element elementor-element-71bb86d elementor-widget elementor-widget-text-editor\" data-id=\"71bb86d\" data-element_type=\"widget\" data-widget_type=\"text-editor.default\">\n\t\t\t\t<div class=\"elementor-widget-container\">\n\t\t\t\t\t\t\t\t\t<p style=\"text-align: center;\"><strong>Cuarto d\u00eda<\/strong><\/p>\t\t\t\t\t\t\t\t<\/div>\n\t\t\t\t<\/div>\n\t\t\t\t\t<\/div>\n\t\t<\/div>\n\t\t\t\t<div class=\"elementor-column elementor-col-11 elementor-top-column elementor-element elementor-element-226da1f4\" data-id=\"226da1f4\" data-element_type=\"column\" data-settings=\"{&quot;background_background&quot;:&quot;gradient&quot;}\">\n\t\t\t<div class=\"elementor-widget-wrap elementor-element-populated\">\n\t\t\t\t\t<div class=\"elementor-background-overlay\"><\/div>\n\t\t\t\t\t\t<div class=\"elementor-element elementor-element-1543e9bb elementor-view-framed elementor-shape-circle elementor-widget elementor-widget-icon\" data-id=\"1543e9bb\" data-element_type=\"widget\" data-settings=\"{&quot;_animation&quot;:&quot;none&quot;}\" data-widget_type=\"icon.default\">\n\t\t\t\t<div class=\"elementor-widget-container\">\n\t\t\t\t\t\t\t<div class=\"elementor-icon-wrapper\">\n\t\t\t<a class=\"elementor-icon\" href=\"https:\/\/arquidiocesisdepopayan.org\/web\/pastorales\/pastoral-familiar\/novena-san-jose-dia-5\/\">\n\t\t\t<i aria-hidden=\"true\" class=\"fas fa-place-of-worship\"><\/i>\t\t\t<\/a>\n\t\t<\/div>\n\t\t\t\t\t\t<\/div>\n\t\t\t\t<\/div>\n\t\t\t\t<div class=\"elementor-element elementor-element-2e2ba2a9 elementor-widget elementor-widget-text-editor\" data-id=\"2e2ba2a9\" data-element_type=\"widget\" data-widget_type=\"text-editor.default\">\n\t\t\t\t<div class=\"elementor-widget-container\">\n\t\t\t\t\t\t\t\t\t<p style=\"text-align: center;\"><strong>Quinto d\u00eda<\/strong><\/p>\t\t\t\t\t\t\t\t<\/div>\n\t\t\t\t<\/div>\n\t\t\t\t\t<\/div>\n\t\t<\/div>\n\t\t\t\t<div class=\"elementor-column elementor-col-11 elementor-top-column elementor-element elementor-element-7f788756\" data-id=\"7f788756\" data-element_type=\"column\" data-settings=\"{&quot;background_background&quot;:&quot;gradient&quot;}\">\n\t\t\t<div class=\"elementor-widget-wrap elementor-element-populated\">\n\t\t\t\t\t<div class=\"elementor-background-overlay\"><\/div>\n\t\t\t\t\t\t<div class=\"elementor-element elementor-element-133bc291 elementor-view-framed elementor-shape-circle elementor-widget elementor-widget-icon\" data-id=\"133bc291\" data-element_type=\"widget\" data-settings=\"{&quot;_animation&quot;:&quot;none&quot;}\" data-widget_type=\"icon.default\">\n\t\t\t\t<div class=\"elementor-widget-container\">\n\t\t\t\t\t\t\t<div class=\"elementor-icon-wrapper\">\n\t\t\t<a class=\"elementor-icon\" href=\"https:\/\/arquidiocesisdepopayan.org\/web\/pastorales\/pastoral-familiar\/novena-san-jose-dia-6\/\">\n\t\t\t<i aria-hidden=\"true\" class=\"fas fa-place-of-worship\"><\/i>\t\t\t<\/a>\n\t\t<\/div>\n\t\t\t\t\t\t<\/div>\n\t\t\t\t<\/div>\n\t\t\t\t<div class=\"elementor-element elementor-element-7cea4510 elementor-widget elementor-widget-text-editor\" data-id=\"7cea4510\" data-element_type=\"widget\" data-widget_type=\"text-editor.default\">\n\t\t\t\t<div class=\"elementor-widget-container\">\n\t\t\t\t\t\t\t\t\t<p style=\"text-align: center;\"><strong>Sexto d\u00eda<\/strong><\/p>\t\t\t\t\t\t\t\t<\/div>\n\t\t\t\t<\/div>\n\t\t\t\t\t<\/div>\n\t\t<\/div>\n\t\t\t\t<div class=\"elementor-column elementor-col-11 elementor-top-column elementor-element elementor-element-29a4a6dd\" data-id=\"29a4a6dd\" data-element_type=\"column\" data-settings=\"{&quot;background_background&quot;:&quot;gradient&quot;}\">\n\t\t\t<div class=\"elementor-widget-wrap elementor-element-populated\">\n\t\t\t\t\t<div class=\"elementor-background-overlay\"><\/div>\n\t\t\t\t\t\t<div class=\"elementor-element elementor-element-1f4a11f4 elementor-view-framed elementor-shape-circle elementor-widget elementor-widget-icon\" data-id=\"1f4a11f4\" data-element_type=\"widget\" data-settings=\"{&quot;_animation&quot;:&quot;none&quot;}\" data-widget_type=\"icon.default\">\n\t\t\t\t<div class=\"elementor-widget-container\">\n\t\t\t\t\t\t\t<div class=\"elementor-icon-wrapper\">\n\t\t\t<a class=\"elementor-icon\" href=\"https:\/\/arquidiocesisdepopayan.org\/web\/pastorales\/pastoral-familiar\/novena-san-jose\/novena-san-jose-dia-7\/\">\n\t\t\t<i aria-hidden=\"true\" class=\"fas fa-place-of-worship\"><\/i>\t\t\t<\/a>\n\t\t<\/div>\n\t\t\t\t\t\t<\/div>\n\t\t\t\t<\/div>\n\t\t\t\t<div class=\"elementor-element elementor-element-338d68bc elementor-widget elementor-widget-text-editor\" data-id=\"338d68bc\" data-element_type=\"widget\" data-widget_type=\"text-editor.default\">\n\t\t\t\t<div class=\"elementor-widget-container\">\n\t\t\t\t\t\t\t\t\t<p style=\"text-align: center;\"><strong>S\u00e9ptimo d\u00eda<\/strong><\/p>\t\t\t\t\t\t\t\t<\/div>\n\t\t\t\t<\/div>\n\t\t\t\t\t<\/div>\n\t\t<\/div>\n\t\t\t\t<div class=\"elementor-column elementor-col-11 elementor-top-column elementor-element elementor-element-4205dd3\" data-id=\"4205dd3\" data-element_type=\"column\" data-settings=\"{&quot;background_background&quot;:&quot;gradient&quot;}\">\n\t\t\t<div class=\"elementor-widget-wrap elementor-element-populated\">\n\t\t\t\t\t<div class=\"elementor-background-overlay\"><\/div>\n\t\t\t\t\t\t<div class=\"elementor-element elementor-element-7ea1e599 elementor-view-framed elementor-shape-circle elementor-widget elementor-widget-icon\" data-id=\"7ea1e599\" data-element_type=\"widget\" data-settings=\"{&quot;_animation&quot;:&quot;none&quot;}\" data-widget_type=\"icon.default\">\n\t\t\t\t<div class=\"elementor-widget-container\">\n\t\t\t\t\t\t\t<div class=\"elementor-icon-wrapper\">\n\t\t\t<a class=\"elementor-icon\" href=\"https:\/\/arquidiocesisdepopayan.org\/web\/pastorales\/pastoral-familiar\/novena-san-jose\/novena-san-jose-dia-8\/\">\n\t\t\t<i aria-hidden=\"true\" class=\"fas fa-place-of-worship\"><\/i>\t\t\t<\/a>\n\t\t<\/div>\n\t\t\t\t\t\t<\/div>\n\t\t\t\t<\/div>\n\t\t\t\t<div class=\"elementor-element elementor-element-38994ed3 elementor-widget elementor-widget-text-editor\" data-id=\"38994ed3\" data-element_type=\"widget\" data-widget_type=\"text-editor.default\">\n\t\t\t\t<div class=\"elementor-widget-container\">\n\t\t\t\t\t\t\t\t\t<p style=\"text-align: center;\"><strong>Octavo d\u00eda<\/strong><\/p>\t\t\t\t\t\t\t\t<\/div>\n\t\t\t\t<\/div>\n\t\t\t\t\t<\/div>\n\t\t<\/div>\n\t\t\t\t<div class=\"elementor-column elementor-col-11 elementor-top-column elementor-element elementor-element-263ad46b\" data-id=\"263ad46b\" data-element_type=\"column\" data-settings=\"{&quot;background_background&quot;:&quot;gradient&quot;}\">\n\t\t\t<div class=\"elementor-widget-wrap elementor-element-populated\">\n\t\t\t\t\t<div class=\"elementor-background-overlay\"><\/div>\n\t\t\t\t\t\t<div class=\"elementor-element elementor-element-3d606c14 elementor-view-framed elementor-shape-circle elementor-widget elementor-widget-icon\" data-id=\"3d606c14\" data-element_type=\"widget\" data-settings=\"{&quot;_animation&quot;:&quot;none&quot;}\" data-widget_type=\"icon.default\">\n\t\t\t\t<div class=\"elementor-widget-container\">\n\t\t\t\t\t\t\t<div class=\"elementor-icon-wrapper\">\n\t\t\t<a class=\"elementor-icon\" href=\"https:\/\/arquidiocesisdepopayan.org\/web\/pastorales\/pastoral-familiar\/novena-san-jose\/novena-san-jose-dia-9\/\">\n\t\t\t<i aria-hidden=\"true\" class=\"fas fa-place-of-worship\"><\/i>\t\t\t<\/a>\n\t\t<\/div>\n\t\t\t\t\t\t<\/div>\n\t\t\t\t<\/div>\n\t\t\t\t<div class=\"elementor-element elementor-element-5de69b3f elementor-widget elementor-widget-text-editor\" data-id=\"5de69b3f\" data-element_type=\"widget\" data-widget_type=\"text-editor.default\">\n\t\t\t\t<div class=\"elementor-widget-container\">\n\t\t\t\t\t\t\t\t\t<p style=\"text-align: center;\"><strong>Noveno d\u00eda<\/strong><\/p>\t\t\t\t\t\t\t\t<\/div>\n\t\t\t\t<\/div>\n\t\t\t\t\t<\/div>\n\t\t<\/div>\n\t\t\t\t\t<\/div>\n\t\t<\/section>\n\t\t\t\t<\/div>\n\t\t","protected":false},"excerpt":{"rendered":"<p>Novena a San Jos\u00e9D\u00eda sexto\u201cEl anuncio del \u00e1ngel\u201d Novena a San Jos\u00e9 &#8211; Sexto d\u00eda Primer d\u00eda Segundo d\u00eda Tercer d\u00eda Cuarto d\u00eda Quinto d\u00eda Sexto d\u00eda S\u00e9ptimo d\u00eda Octavo d\u00eda Noveno d\u00eda<\/p>\n","protected":false},"author":7,"featured_media":0,"parent":7954,"menu_order":0,"comment_status":"closed","ping_status":"closed","template":"","meta":{"_uag_custom_page_level_css":"","footnotes":""},"class_list":["post-8625","page","type-page","status-publish","hentry","no-thumb"],"uagb_featured_image_src":{"full":false,"thumbnail":false,"medium":false,"medium_large":false,"large":false,"1536x1536":false,"2048x2048":false,"post-thumbnail":false,"brotherlylove-thumb-s":false,"brotherlylove-thumb-blog-grid":false,"brotherlylove-thumb-blog-masonry":false,"brotherlylove-thumb-l":false,"brotherlylove-thumb-blog":false,"brotherlylove-thumb-project":false,"brotherlylove-thumb-project-term":false,"awb_sm":false,"awb_md":false,"awb_lg":false,"awb_xl":false,"og-image":false,"og-image@2x":false},"uagb_author_info":{"display_name":"Arquidi\u00f3cesis de Popay\u00e1n","author_link":"https:\/\/arquidiocesisdepopayan.org\/web\/author\/arquidp\/"},"uagb_comment_info":0,"uagb_excerpt":"Novena a San Jos\u00e9D\u00eda sexto\u201cEl anuncio del \u00e1ngel\u201d Novena a San Jos\u00e9 &#8211; Sexto d\u00eda Primer d\u00eda Segundo d\u00eda Tercer d\u00eda Cuarto d\u00eda Quinto d\u00eda Sexto d\u00eda S\u00e9ptimo d\u00eda Octavo d\u00eda Noveno d\u00eda","_links":{"self":[{"href":"https:\/\/arquidiocesisdepopayan.org\/web\/wp-json\/wp\/v2\/pages\/8625","targetHints":{"allow":["GET"]}}],"collection":[{"href":"https:\/\/arquidiocesisdepopayan.org\/web\/wp-json\/wp\/v2\/pages"}],"about":[{"href":"https:\/\/arquidiocesisdepopayan.org\/web\/wp-json\/wp\/v2\/types\/page"}],"author":[{"embeddable":true,"href":"https:\/\/arquidiocesisdepopayan.org\/web\/wp-json\/wp\/v2\/users\/7"}],"replies":[{"embeddable":true,"href":"https:\/\/arquidiocesisdepopayan.org\/web\/wp-json\/wp\/v2\/comments?post=8625"}],"version-history":[{"count":2,"href":"https:\/\/arquidiocesisdepopayan.org\/web\/wp-json\/wp\/v2\/pages\/8625\/revisions"}],"predecessor-version":[{"id":8627,"href":"https:\/\/arquidiocesisdepopayan.org\/web\/wp-json\/wp\/v2\/pages\/8625\/revisions\/8627"}],"up":[{"embeddable":true,"href":"https:\/\/arquidiocesisdepopayan.org\/web\/wp-json\/wp\/v2\/pages\/7954"}],"wp:attachment":[{"href":"https:\/\/arquidiocesisdepopayan.org\/web\/wp-json\/wp\/v2\/media?parent=8625"}],"curies":[{"name":"wp","href":"https:\/\/api.w.org\/{rel}","templated":true}]}}